{"id":12973,"date":"2020-04-16T17:18:51","date_gmt":"2020-04-16T22:18:51","guid":{"rendered":"https:\/\/frionox.com\/catalogo\/producto\/campana-ultravent-tipo-61-101-60-72-320\/"},"modified":"2026-01-11T20:02:00","modified_gmt":"2026-01-12T01:02:00","slug":"campana-ultravent-tipo-61-101-60-72-320","status":"publish","type":"product","link":"https:\/\/frionox.com\/catalogo\/producto\/campana-ultravent-tipo-61-101-60-72-320\/","title":{"rendered":"CAMPANA ULTRAVENT TIPO 61\/101 &#8211; 60.72.320"},"content":{"rendered":"<p>La tecnolog\u00eda de condensaci\u00f3n patentada que incorpora la campana Ultra vent posibilita la absorci\u00f3n y evacuaci\u00f3n de vahos y vapores.Permite prescindir de aparatos de sistemas de ventilaci\u00f3n.La instalaci\u00f3n es f\u00e1cil y se puede efectuar a posteriori.No precisa de conexi\u00f3n al exterior. Iluminaci\u00f3n integrada. Filtro de grasa de f\u00e1cil limpieza. Gran potencia de aspiraci\u00f3n. Interruptor de la puerta sin contacto. Aumento autom\u00e1tico de la potencia de aspiraci\u00f3n al abrir la puerta del horno. Material: acero inoxidable AISI 304. Voltaje: 220V \/ 60Hz \/ 1AC. Potencia conectada: 0.45 KW. Caudal de purga: 1000 m3\/h. Intensidad sonora: 70 dbA. Homologaciones: VDE,NSF.<\/p>\n","protected":false},"excerpt":{"rendered":"<p>La tecnolog\u00eda de condensaci\u00f3n patentada que incorpora la campana Ultra vent posibilita la absorci\u00f3n y evacuaci\u00f3n de vahos y vapores.Permite prescindir de aparatos de sistemas de ventilaci\u00f3n.La instalaci\u00f3n es f\u00e1cil y se puede efectuar a posteriori.No precisa de conexi\u00f3n al exterior. Iluminaci\u00f3n integrada. Filtro de grasa de f\u00e1cil limpieza. Gran potencia de aspiraci\u00f3n. Interruptor de la puerta sin contacto. Aumento autom\u00e1tico de la potencia de aspiraci\u00f3n al abrir la puerta del horno. Material: acero inoxidable AISI 304. Voltaje: 220V \/ 60Hz \/ 1AC. Potencia conectada: 0.45 KW. Caudal de purga: 1000 m3\/h. Intensidad sonora: 70 dbA. Homologaciones: VDE,NSF.<\/p>\n","protected":false},"featured_media":10404,"comment_status":"open","ping_status":"closed","template":"","meta":[],"product_brand":[],"product_cat":[1353],"product_tag":[],"class_list":{"0":"post-12973","1":"product","2":"type-product","3":"status-publish","4":"has-post-thumbnail","6":"product_cat-rational","7":"pa_marcas-rational","9":"first","10":"onbackorder","11":"shipping-taxable","12":"purchasable","13":"product-type-simple"},"yoast_head":"<!-- This site is optimized with the Yoast SEO Premium plugin v27.1 (Yoast SEO v27.1.1) - https:\/\/yoast.com\/product\/yoast-seo-premium-wordpress\/ -->\n<title>CAMPANA ULTRAVENT TIPO 61\/101 - 60.72.320 - FRIONOX<\/title>\n<meta name=\"description\" content=\"La tecnolog\u00eda de condensaci\u00f3n patentada que incorpora la campana Ultra vent posibilita la absorci\u00f3n y evacuaci\u00f3n de vahos y vapores.Permite prescindir de aparatos de sistemas de ventilaci\u00f3n.La instalaci\u00f3n es f\u00e1cil y se puede efectuar a posteriori.No precisa de conexi\u00f3n al exterior. Iluminaci\u00f3n integrada. Filtro de grasa de f\u00e1cil limpieza. Gran potencia de aspiraci\u00f3n. Interruptor de la puerta sin contacto. Aumento autom\u00e1tico de la potencia de aspiraci\u00f3n al abrir la puerta del horno. Material: acero inoxidable AISI 304. Voltaje: 220V \/ 60Hz \/ 1AC. Potencia conectada: 0.45 KW. Caudal de purga: 1000 m3\/h. Intensidad sonora: 70 dbA. Homologaciones: VDE,NSF.\" \/>\n<meta name=\"robots\" content=\"index, follow, max-snippet:-1, max-image-preview:large, max-video-preview:-1\" \/>\n<link rel=\"canonical\" href=\"https:\/\/frionox.com\/catalogo\/producto\/campana-ultravent-tipo-61-101-60-72-320\/\" \/>\n<meta property=\"og:locale\" content=\"es_ES\" \/>\n<meta property=\"og:type\" content=\"article\" \/>\n<meta property=\"og:title\" content=\"CAMPANA ULTRAVENT TIPO 61\/101 - 60.72.320\" \/>\n<meta property=\"og:description\" content=\"La tecnolog\u00eda de condensaci\u00f3n patentada que incorpora la campana Ultra vent posibilita la absorci\u00f3n y evacuaci\u00f3n de vahos y vapores.Permite prescindir de aparatos de sistemas de ventilaci\u00f3n.La instalaci\u00f3n es f\u00e1cil y se puede efectuar a posteriori.No precisa de conexi\u00f3n al exterior. Iluminaci\u00f3n integrada. Filtro de grasa de f\u00e1cil limpieza. Gran potencia de aspiraci\u00f3n. Interruptor de la puerta sin contacto. Aumento autom\u00e1tico de la potencia de aspiraci\u00f3n al abrir la puerta del horno. Material: acero inoxidable AISI 304. Voltaje: 220V \/ 60Hz \/ 1AC. Potencia conectada: 0.45 KW. Caudal de purga: 1000 m3\/h. Intensidad sonora: 70 dbA. Homologaciones: VDE,NSF.\" \/>\n<meta property=\"og:url\" content=\"https:\/\/frionox.com\/catalogo\/producto\/campana-ultravent-tipo-61-101-60-72-320\/\" \/>\n<meta property=\"og:site_name\" content=\"FRIONOX\" \/>\n<meta property=\"article:publisher\" content=\"https:\/\/facebook.com\/frionox.pe\" \/>\n<meta property=\"article:modified_time\" content=\"2026-01-12T01:02:00+00:00\" \/>\n<meta property=\"og:image\" content=\"https:\/\/frionox.com\/catalogo\/wp-content\/uploads\/2020\/04\/60.72.320.jpg\" \/>\n\t<meta property=\"og:image:width\" content=\"800\" \/>\n\t<meta property=\"og:image:height\" content=\"800\" \/>\n\t<meta property=\"og:image:type\" content=\"image\/jpeg\" \/>\n<meta name=\"twitter:card\" content=\"summary_large_image\" \/>\n<meta name=\"twitter:site\" content=\"@frionoxsac\" \/>\n<meta name=\"twitter:label1\" content=\"Precio\" \/>\n\t<meta name=\"twitter:data1\" content=\"S\/7,519.61\" \/>\n\t<meta name=\"twitter:label2\" content=\"Disponibilidad\" \/>\n\t<meta name=\"twitter:data2\" content=\"Disponible para reservar\" \/>\n<script type=\"application\/ld+json\" class=\"yoast-schema-graph\">{\"@context\":\"https:\/\/schema.org\",\"@graph\":[{\"@type\":\"WebPage\",\"@id\":\"https:\/\/frionox.com\/catalogo\/producto\/campana-ultravent-tipo-61-101-60-72-320\/\",\"url\":\"https:\/\/frionox.com\/catalogo\/producto\/campana-ultravent-tipo-61-101-60-72-320\/\",\"name\":\"CAMPANA ULTRAVENT TIPO 61\/101 - 60.72.320 - FRIONOX\",\"isPartOf\":{\"@id\":\"https:\/\/frionox.com\/catalogo\/#website\"},\"primaryImageOfPage\":{\"@id\":\"https:\/\/frionox.com\/catalogo\/producto\/campana-ultravent-tipo-61-101-60-72-320\/#primaryimage\"},\"image\":{\"@id\":\"https:\/\/frionox.com\/catalogo\/producto\/campana-ultravent-tipo-61-101-60-72-320\/#primaryimage\"},\"thumbnailUrl\":\"https:\/\/frionox.com\/catalogo\/wp-content\/uploads\/2020\/04\/60.72.320.jpg\",\"datePublished\":\"2020-04-16T22:18:51+00:00\",\"dateModified\":\"2026-01-12T01:02:00+00:00\",\"description\":\"La tecnolog\u00eda de condensaci\u00f3n patentada que incorpora la campana Ultra vent posibilita la absorci\u00f3n y evacuaci\u00f3n de vahos y vapores.Permite prescindir de aparatos de sistemas de ventilaci\u00f3n.La instalaci\u00f3n es f\u00e1cil y se puede efectuar a posteriori.No precisa de conexi\u00f3n al exterior. Iluminaci\u00f3n integrada. Filtro de grasa de f\u00e1cil limpieza. Gran potencia de aspiraci\u00f3n. Interruptor de la puerta sin contacto. Aumento autom\u00e1tico de la potencia de aspiraci\u00f3n al abrir la puerta del horno. Material: acero inoxidable AISI 304. Voltaje: 220V \/ 60Hz \/ 1AC. Potencia conectada: 0.45 KW. Caudal de purga: 1000 m3\/h. Intensidad sonora: 70 dbA. Homologaciones: VDE,NSF.\",\"breadcrumb\":{\"@id\":\"https:\/\/frionox.com\/catalogo\/producto\/campana-ultravent-tipo-61-101-60-72-320\/#breadcrumb\"},\"inLanguage\":\"es\",\"potentialAction\":[{\"@type\":\"ReadAction\",\"target\":[\"https:\/\/frionox.com\/catalogo\/producto\/campana-ultravent-tipo-61-101-60-72-320\/\"]}]},{\"@type\":\"ImageObject\",\"inLanguage\":\"es\",\"@id\":\"https:\/\/frionox.com\/catalogo\/producto\/campana-ultravent-tipo-61-101-60-72-320\/#primaryimage\",\"url\":\"https:\/\/frionox.com\/catalogo\/wp-content\/uploads\/2020\/04\/60.72.320.jpg\",\"contentUrl\":\"https:\/\/frionox.com\/catalogo\/wp-content\/uploads\/2020\/04\/60.72.320.jpg\",\"width\":800,\"height\":800},{\"@type\":\"BreadcrumbList\",\"@id\":\"https:\/\/frionox.com\/catalogo\/producto\/campana-ultravent-tipo-61-101-60-72-320\/#breadcrumb\",\"itemListElement\":[{\"@type\":\"ListItem\",\"position\":1,\"name\":\"Portada\",\"item\":\"https:\/\/frionox.com\/catalogo\/\"},{\"@type\":\"ListItem\",\"position\":2,\"name\":\"Hornos Industriales, Licuadoras Industriales, Cocinas y m\u00e1s\",\"item\":\"https:\/\/frionox.com\/catalogo\/tienda\/\"},{\"@type\":\"ListItem\",\"position\":3,\"name\":\"CAMPANA ULTRAVENT TIPO 61\/101 &#8211; 60.72.320\"}]},{\"@type\":\"WebSite\",\"@id\":\"https:\/\/frionox.com\/catalogo\/#website\",\"url\":\"https:\/\/frionox.com\/catalogo\/\",\"name\":\"FRIONOX\",\"description\":\"Equipamiento de cocinas\",\"publisher\":{\"@id\":\"https:\/\/frionox.com\/catalogo\/#organization\"},\"potentialAction\":[{\"@type\":\"SearchAction\",\"target\":{\"@type\":\"EntryPoint\",\"urlTemplate\":\"https:\/\/frionox.com\/catalogo\/?s={search_term_string}\"},\"query-input\":{\"@type\":\"PropertyValueSpecification\",\"valueRequired\":true,\"valueName\":\"search_term_string\"}}],\"inLanguage\":\"es\"},{\"@type\":[\"Organization\",\"Place\",\"LocalBusiness\"],\"@id\":\"https:\/\/frionox.com\/catalogo\/#organization\",\"name\":\"Frionox Equipamiento de cocinas\",\"url\":\"https:\/\/frionox.com\/catalogo\/\",\"logo\":{\"@id\":\"https:\/\/frionox.com\/catalogo\/producto\/campana-ultravent-tipo-61-101-60-72-320\/#local-main-organization-logo\"},\"image\":{\"@id\":\"https:\/\/frionox.com\/catalogo\/producto\/campana-ultravent-tipo-61-101-60-72-320\/#local-main-organization-logo\"},\"sameAs\":[\"https:\/\/facebook.com\/frionox.pe\",\"https:\/\/x.com\/frionoxsac\",\"https:\/\/youtube.com\/@FRIONOXEQUIPAMIENTODECOCINA\"],\"address\":{\"@id\":\"https:\/\/frionox.com\/catalogo\/producto\/campana-ultravent-tipo-61-101-60-72-320\/#local-main-place-address\"},\"geo\":{\"@type\":\"GeoCoordinates\",\"latitude\":\"-11.980133\",\"longitude\":\"-77.06118200000003\"},\"telephone\":[\"+5115221181\"],\"openingHoursSpecification\":[{\"@type\":\"OpeningHoursSpecification\",\"dayOfWeek\":[\"Monday\",\"Tuesday\",\"Wednesday\",\"Thursday\",\"Friday\",\"Saturday\"],\"opens\":\"08:00\",\"closes\":\"18:00\"},{\"@type\":\"OpeningHoursSpecification\",\"dayOfWeek\":[\"Sunday\"],\"opens\":\"00:00\",\"closes\":\"00:00\"}],\"email\":\"cotizaciones@frionox.com\"},{\"@type\":\"PostalAddress\",\"@id\":\"https:\/\/frionox.com\/catalogo\/producto\/campana-ultravent-tipo-61-101-60-72-320\/#local-main-place-address\",\"streetAddress\":\"Av. Oscar R. Benavides 1624\",\"addressLocality\":\"Cercado de Lima\",\"postalCode\":\"15082\",\"addressRegion\":\"Lima\",\"addressCountry\":\"PE\"},{\"@type\":\"ImageObject\",\"inLanguage\":\"es\",\"@id\":\"https:\/\/frionox.com\/catalogo\/producto\/campana-ultravent-tipo-61-101-60-72-320\/#local-main-organization-logo\",\"url\":\"https:\/\/frionox.com\/catalogo\/wp-content\/uploads\/2020\/04\/LOGO-MOBILE.png\",\"contentUrl\":\"https:\/\/frionox.com\/catalogo\/wp-content\/uploads\/2020\/04\/LOGO-MOBILE.png\",\"width\":203,\"height\":61,\"caption\":\"Frionox Equipamiento de cocinas\"}]}<\/script>\n<meta property=\"product:price:amount\" content=\"7519.61\" \/>\n<meta property=\"product:price:currency\" content=\"PEN\" \/>\n<meta property=\"og:availability\" content=\"backorder\" \/>\n<meta property=\"product:availability\" content=\"available for order\" \/>\n<meta property=\"product:retailer_item_id\" content=\"60.72.320\" \/>\n<meta property=\"product:condition\" content=\"new\" \/>\n<meta name=\"geo.placename\" content=\"Cercado de Lima\" \/>\n<meta name=\"geo.position\" content=\"-11.980133;-77.06118200000003\" \/>\n<meta name=\"geo.region\" content=\"Per\u00fa\" \/>\n<!-- \/ Yoast SEO Premium plugin. -->","yoast_head_json":{"title":"CAMPANA ULTRAVENT TIPO 61\/101 - 60.72.320 - FRIONOX","description":"La tecnolog\u00eda de condensaci\u00f3n patentada que incorpora la campana Ultra vent posibilita la absorci\u00f3n y evacuaci\u00f3n de vahos y vapores.Permite prescindir de aparatos de sistemas de ventilaci\u00f3n.La instalaci\u00f3n es f\u00e1cil y se puede efectuar a posteriori.No precisa de conexi\u00f3n al exterior. Iluminaci\u00f3n integrada. Filtro de grasa de f\u00e1cil limpieza. Gran potencia de aspiraci\u00f3n. Interruptor de la puerta sin contacto. Aumento autom\u00e1tico de la potencia de aspiraci\u00f3n al abrir la puerta del horno. Material: acero inoxidable AISI 304. Voltaje: 220V \/ 60Hz \/ 1AC. Potencia conectada: 0.45 KW. Caudal de purga: 1000 m3\/h. Intensidad sonora: 70 dbA. Homologaciones: VDE,NSF.","robots":{"index":"index","follow":"follow","max-snippet":"max-snippet:-1","max-image-preview":"max-image-preview:large","max-video-preview":"max-video-preview:-1"},"canonical":"https:\/\/frionox.com\/catalogo\/producto\/campana-ultravent-tipo-61-101-60-72-320\/","og_locale":"es_ES","og_type":"article","og_title":"CAMPANA ULTRAVENT TIPO 61\/101 - 60.72.320","og_description":"La tecnolog\u00eda de condensaci\u00f3n patentada que incorpora la campana Ultra vent posibilita la absorci\u00f3n y evacuaci\u00f3n de vahos y vapores.Permite prescindir de aparatos de sistemas de ventilaci\u00f3n.La instalaci\u00f3n es f\u00e1cil y se puede efectuar a posteriori.No precisa de conexi\u00f3n al exterior. Iluminaci\u00f3n integrada. Filtro de grasa de f\u00e1cil limpieza. Gran potencia de aspiraci\u00f3n. Interruptor de la puerta sin contacto. Aumento autom\u00e1tico de la potencia de aspiraci\u00f3n al abrir la puerta del horno. Material: acero inoxidable AISI 304. Voltaje: 220V \/ 60Hz \/ 1AC. Potencia conectada: 0.45 KW. Caudal de purga: 1000 m3\/h. Intensidad sonora: 70 dbA. Homologaciones: VDE,NSF.","og_url":"https:\/\/frionox.com\/catalogo\/producto\/campana-ultravent-tipo-61-101-60-72-320\/","og_site_name":"FRIONOX","article_publisher":"https:\/\/facebook.com\/frionox.pe","article_modified_time":"2026-01-12T01:02:00+00:00","og_image":[{"width":800,"height":800,"url":"https:\/\/frionox.com\/catalogo\/wp-content\/uploads\/2020\/04\/60.72.320.jpg","type":"image\/jpeg"}],"twitter_card":"summary_large_image","twitter_site":"@frionoxsac","twitter_misc":{"Precio":"S\/7,519.61","Disponibilidad":"Disponible para reservar"},"schema":{"@context":"https:\/\/schema.org","@graph":[{"@type":"WebPage","@id":"https:\/\/frionox.com\/catalogo\/producto\/campana-ultravent-tipo-61-101-60-72-320\/","url":"https:\/\/frionox.com\/catalogo\/producto\/campana-ultravent-tipo-61-101-60-72-320\/","name":"CAMPANA ULTRAVENT TIPO 61\/101 - 60.72.320 - FRIONOX","isPartOf":{"@id":"https:\/\/frionox.com\/catalogo\/#website"},"primaryImageOfPage":{"@id":"https:\/\/frionox.com\/catalogo\/producto\/campana-ultravent-tipo-61-101-60-72-320\/#primaryimage"},"image":{"@id":"https:\/\/frionox.com\/catalogo\/producto\/campana-ultravent-tipo-61-101-60-72-320\/#primaryimage"},"thumbnailUrl":"https:\/\/frionox.com\/catalogo\/wp-content\/uploads\/2020\/04\/60.72.320.jpg","datePublished":"2020-04-16T22:18:51+00:00","dateModified":"2026-01-12T01:02:00+00:00","description":"La tecnolog\u00eda de condensaci\u00f3n patentada que incorpora la campana Ultra vent posibilita la absorci\u00f3n y evacuaci\u00f3n de vahos y vapores.Permite prescindir de aparatos de sistemas de ventilaci\u00f3n.La instalaci\u00f3n es f\u00e1cil y se puede efectuar a posteriori.No precisa de conexi\u00f3n al exterior. Iluminaci\u00f3n integrada. Filtro de grasa de f\u00e1cil limpieza. Gran potencia de aspiraci\u00f3n. Interruptor de la puerta sin contacto. Aumento autom\u00e1tico de la potencia de aspiraci\u00f3n al abrir la puerta del horno. Material: acero inoxidable AISI 304. Voltaje: 220V \/ 60Hz \/ 1AC. Potencia conectada: 0.45 KW. Caudal de purga: 1000 m3\/h. Intensidad sonora: 70 dbA. Homologaciones: VDE,NSF.","breadcrumb":{"@id":"https:\/\/frionox.com\/catalogo\/producto\/campana-ultravent-tipo-61-101-60-72-320\/#breadcrumb"},"inLanguage":"es","potentialAction":[{"@type":"ReadAction","target":["https:\/\/frionox.com\/catalogo\/producto\/campana-ultravent-tipo-61-101-60-72-320\/"]}]},{"@type":"ImageObject","inLanguage":"es","@id":"https:\/\/frionox.com\/catalogo\/producto\/campana-ultravent-tipo-61-101-60-72-320\/#primaryimage","url":"https:\/\/frionox.com\/catalogo\/wp-content\/uploads\/2020\/04\/60.72.320.jpg","contentUrl":"https:\/\/frionox.com\/catalogo\/wp-content\/uploads\/2020\/04\/60.72.320.jpg","width":800,"height":800},{"@type":"BreadcrumbList","@id":"https:\/\/frionox.com\/catalogo\/producto\/campana-ultravent-tipo-61-101-60-72-320\/#breadcrumb","itemListElement":[{"@type":"ListItem","position":1,"name":"Portada","item":"https:\/\/frionox.com\/catalogo\/"},{"@type":"ListItem","position":2,"name":"Hornos Industriales, Licuadoras Industriales, Cocinas y m\u00e1s","item":"https:\/\/frionox.com\/catalogo\/tienda\/"},{"@type":"ListItem","position":3,"name":"CAMPANA ULTRAVENT TIPO 61\/101 &#8211; 60.72.320"}]},{"@type":"WebSite","@id":"https:\/\/frionox.com\/catalogo\/#website","url":"https:\/\/frionox.com\/catalogo\/","name":"FRIONOX","description":"Equipamiento de cocinas","publisher":{"@id":"https:\/\/frionox.com\/catalogo\/#organization"},"potentialAction":[{"@type":"SearchAction","target":{"@type":"EntryPoint","urlTemplate":"https:\/\/frionox.com\/catalogo\/?s={search_term_string}"},"query-input":{"@type":"PropertyValueSpecification","valueRequired":true,"valueName":"search_term_string"}}],"inLanguage":"es"},{"@type":["Organization","Place","LocalBusiness"],"@id":"https:\/\/frionox.com\/catalogo\/#organization","name":"Frionox Equipamiento de cocinas","url":"https:\/\/frionox.com\/catalogo\/","logo":{"@id":"https:\/\/frionox.com\/catalogo\/producto\/campana-ultravent-tipo-61-101-60-72-320\/#local-main-organization-logo"},"image":{"@id":"https:\/\/frionox.com\/catalogo\/producto\/campana-ultravent-tipo-61-101-60-72-320\/#local-main-organization-logo"},"sameAs":["https:\/\/facebook.com\/frionox.pe","https:\/\/x.com\/frionoxsac","https:\/\/youtube.com\/@FRIONOXEQUIPAMIENTODECOCINA"],"address":{"@id":"https:\/\/frionox.com\/catalogo\/producto\/campana-ultravent-tipo-61-101-60-72-320\/#local-main-place-address"},"geo":{"@type":"GeoCoordinates","latitude":"-11.980133","longitude":"-77.06118200000003"},"telephone":["+5115221181"],"openingHoursSpecification":[{"@type":"OpeningHoursSpecification","dayOfWeek":["Monday","Tuesday","Wednesday","Thursday","Friday","Saturday"],"opens":"08:00","closes":"18:00"},{"@type":"OpeningHoursSpecification","dayOfWeek":["Sunday"],"opens":"00:00","closes":"00:00"}],"email":"cotizaciones@frionox.com"},{"@type":"PostalAddress","@id":"https:\/\/frionox.com\/catalogo\/producto\/campana-ultravent-tipo-61-101-60-72-320\/#local-main-place-address","streetAddress":"Av. Oscar R. Benavides 1624","addressLocality":"Cercado de Lima","postalCode":"15082","addressRegion":"Lima","addressCountry":"PE"},{"@type":"ImageObject","inLanguage":"es","@id":"https:\/\/frionox.com\/catalogo\/producto\/campana-ultravent-tipo-61-101-60-72-320\/#local-main-organization-logo","url":"https:\/\/frionox.com\/catalogo\/wp-content\/uploads\/2020\/04\/LOGO-MOBILE.png","contentUrl":"https:\/\/frionox.com\/catalogo\/wp-content\/uploads\/2020\/04\/LOGO-MOBILE.png","width":203,"height":61,"caption":"Frionox Equipamiento de cocinas"}]},"product_price_amount":"7519.61","product_price_currency":"PEN","og_availability":"backorder","product_availability":"available for order","product_retailer_item_id":"60.72.320","product_condition":"new","geo.placename":"Cercado de Lima","geo.position":{"lat":"-11.980133","long":"-77.06118200000003"},"geo.region":"Per\u00fa"},"_links":{"self":[{"href":"https:\/\/frionox.com\/catalogo\/wp-json\/wp\/v2\/product\/12973","targetHints":{"allow":["GET"]}}],"collection":[{"href":"https:\/\/frionox.com\/catalogo\/wp-json\/wp\/v2\/product"}],"about":[{"href":"https:\/\/frionox.com\/catalogo\/wp-json\/wp\/v2\/types\/product"}],"replies":[{"embeddable":true,"href":"https:\/\/frionox.com\/catalogo\/wp-json\/wp\/v2\/comments?post=12973"}],"wp:featuredmedia":[{"embeddable":true,"href":"https:\/\/frionox.com\/catalogo\/wp-json\/wp\/v2\/media\/10404"}],"wp:attachment":[{"href":"https:\/\/frionox.com\/catalogo\/wp-json\/wp\/v2\/media?parent=12973"}],"wp:term":[{"taxonomy":"product_brand","embeddable":true,"href":"https:\/\/frionox.com\/catalogo\/wp-json\/wp\/v2\/product_brand?post=12973"},{"taxonomy":"product_cat","embeddable":true,"href":"https:\/\/frionox.com\/catalogo\/wp-json\/wp\/v2\/product_cat?post=12973"},{"taxonomy":"product_tag","embeddable":true,"href":"https:\/\/frionox.com\/catalogo\/wp-json\/wp\/v2\/product_tag?post=12973"}],"curies":[{"name":"wp","href":"https:\/\/api.w.org\/{rel}","templated":true}]}}