{"id":12954,"date":"2020-04-16T17:18:49","date_gmt":"2020-04-16T22:18:49","guid":{"rendered":"https:\/\/frionox.com\/catalogo\/producto\/guia-de-insercion-para-rack-movil-de-carga-multiple-62-102-60-60-215\/"},"modified":"2020-11-11T12:57:46","modified_gmt":"2020-11-11T17:57:46","slug":"guia-de-insercion-para-rack-movil-de-carga-multiple-62-102-60-60-215","status":"publish","type":"product","link":"https:\/\/frionox.com\/catalogo\/producto\/guia-de-insercion-para-rack-movil-de-carga-multiple-62-102-60-60-215\/","title":{"rendered":"GU?A DE INSERCI?N PARA RACK M?VIL DE CARGA M?LTIPLE 62\/102 &#8211; 60.60.215"},"content":{"rendered":"<p>Para la introducci\u00f3n del rack m\u00f3vil de carga m\u00faltiple en aparatos de sobremesa. Con bloqueo del rack m\u00f3vil de carga m\u00faltiple. Se coloca en la c\u00e1mara de cocci\u00f3n sin necesidad de trabajos de montaje adicionales. Peso 2.5 Kg. Material: acero inoxidable AISI 304. Compatible con todos los racks m\u00f3viles de carga m\u00faltiple y racks de regeneraci\u00f3n de platos 612\/ 102. Opcionalmente con carro de transporte para racks m\u00f3viles de carga m\u00faltiple.<\/p>\n","protected":false},"excerpt":{"rendered":"<p>Para la introducci\u00f3n del rack m\u00f3vil de carga m\u00faltiple en aparatos de sobremesa. Con bloqueo del rack m\u00f3vil de carga m\u00faltiple. Se coloca en la c\u00e1mara de cocci\u00f3n sin necesidad de trabajos de montaje adicionales. Peso 2.5 Kg. Material: acero inoxidable AISI 304. Compatible con todos los racks m\u00f3viles de carga m\u00faltiple y racks de regeneraci\u00f3n de platos 612\/ 102. Opcionalmente con carro de transporte para racks m\u00f3viles de carga m\u00faltiple.<\/p>\n","protected":false},"featured_media":11768,"comment_status":"open","ping_status":"closed","template":"","meta":[],"product_brand":[],"product_cat":[1353],"product_tag":[],"class_list":{"0":"post-12954","1":"product","2":"type-product","3":"status-publish","4":"has-post-thumbnail","6":"product_cat-rational","7":"pa_marcas-rational","9":"first","10":"onbackorder","11":"shipping-taxable","12":"purchasable","13":"product-type-simple"},"yoast_head":"<!-- This site is optimized with the Yoast SEO Premium plugin v27.1 (Yoast SEO v27.1.1) - https:\/\/yoast.com\/product\/yoast-seo-premium-wordpress\/ -->\n<title>GU?A DE INSERCI?N PARA RACK M?VIL DE CARGA M?LTIPLE 62\/102 - 60.60.215 - FRIONOX<\/title>\n<meta name=\"description\" content=\"Para la introducci\u00f3n del rack m\u00f3vil de carga m\u00faltiple en aparatos de sobremesa. Con bloqueo del rack m\u00f3vil de carga m\u00faltiple. Se coloca en la c\u00e1mara de cocci\u00f3n sin necesidad de trabajos de montaje adicionales. Peso 2.5 Kg. Material: acero inoxidable AISI 304. Compatible con todos los racks m\u00f3viles de carga m\u00faltiple y racks de regeneraci\u00f3n de platos 612\/ 102. Opcionalmente con carro de transporte para racks m\u00f3viles de carga m\u00faltiple.\" \/>\n<meta name=\"robots\" content=\"index, follow, max-snippet:-1, max-image-preview:large, max-video-preview:-1\" \/>\n<link rel=\"canonical\" href=\"https:\/\/frionox.com\/catalogo\/producto\/guia-de-insercion-para-rack-movil-de-carga-multiple-62-102-60-60-215\/\" \/>\n<meta property=\"og:locale\" content=\"es_ES\" \/>\n<meta property=\"og:type\" content=\"article\" \/>\n<meta property=\"og:title\" content=\"GU?A DE INSERCI?N PARA RACK M?VIL DE CARGA M?LTIPLE 62\/102 - 60.60.215\" \/>\n<meta property=\"og:description\" content=\"Para la introducci\u00f3n del rack m\u00f3vil de carga m\u00faltiple en aparatos de sobremesa. Con bloqueo del rack m\u00f3vil de carga m\u00faltiple. Se coloca en la c\u00e1mara de cocci\u00f3n sin necesidad de trabajos de montaje adicionales. Peso 2.5 Kg. Material: acero inoxidable AISI 304. Compatible con todos los racks m\u00f3viles de carga m\u00faltiple y racks de regeneraci\u00f3n de platos 612\/ 102. Opcionalmente con carro de transporte para racks m\u00f3viles de carga m\u00faltiple.\" \/>\n<meta property=\"og:url\" content=\"https:\/\/frionox.com\/catalogo\/producto\/guia-de-insercion-para-rack-movil-de-carga-multiple-62-102-60-60-215\/\" \/>\n<meta property=\"og:site_name\" content=\"FRIONOX\" \/>\n<meta property=\"article:publisher\" content=\"https:\/\/facebook.com\/frionox.pe\" \/>\n<meta property=\"article:modified_time\" content=\"2020-11-11T17:57:46+00:00\" \/>\n<meta property=\"og:image\" content=\"https:\/\/frionox.com\/catalogo\/wp-content\/uploads\/2020\/04\/60.60.215.jpg\" \/>\n\t<meta property=\"og:image:width\" content=\"600\" \/>\n\t<meta property=\"og:image:height\" content=\"600\" \/>\n\t<meta property=\"og:image:type\" content=\"image\/jpeg\" \/>\n<meta name=\"twitter:card\" content=\"summary_large_image\" \/>\n<meta name=\"twitter:site\" content=\"@frionoxsac\" \/>\n<meta name=\"twitter:label1\" content=\"Precio\" \/>\n\t<meta name=\"twitter:data1\" content=\"S\/342.20\" \/>\n\t<meta name=\"twitter:label2\" content=\"Disponibilidad\" \/>\n\t<meta name=\"twitter:data2\" content=\"Disponible para reservar\" \/>\n<script type=\"application\/ld+json\" class=\"yoast-schema-graph\">{\"@context\":\"https:\/\/schema.org\",\"@graph\":[{\"@type\":\"WebPage\",\"@id\":\"https:\/\/frionox.com\/catalogo\/producto\/guia-de-insercion-para-rack-movil-de-carga-multiple-62-102-60-60-215\/\",\"url\":\"https:\/\/frionox.com\/catalogo\/producto\/guia-de-insercion-para-rack-movil-de-carga-multiple-62-102-60-60-215\/\",\"name\":\"GU?A DE INSERCI?N PARA RACK M?VIL DE CARGA M?LTIPLE 62\/102 - 60.60.215 - FRIONOX\",\"isPartOf\":{\"@id\":\"https:\/\/frionox.com\/catalogo\/#website\"},\"primaryImageOfPage\":{\"@id\":\"https:\/\/frionox.com\/catalogo\/producto\/guia-de-insercion-para-rack-movil-de-carga-multiple-62-102-60-60-215\/#primaryimage\"},\"image\":{\"@id\":\"https:\/\/frionox.com\/catalogo\/producto\/guia-de-insercion-para-rack-movil-de-carga-multiple-62-102-60-60-215\/#primaryimage\"},\"thumbnailUrl\":\"https:\/\/frionox.com\/catalogo\/wp-content\/uploads\/2020\/04\/60.60.215.jpg\",\"datePublished\":\"2020-04-16T22:18:49+00:00\",\"dateModified\":\"2020-11-11T17:57:46+00:00\",\"description\":\"Para la introducci\u00f3n del rack m\u00f3vil de carga m\u00faltiple en aparatos de sobremesa. Con bloqueo del rack m\u00f3vil de carga m\u00faltiple. Se coloca en la c\u00e1mara de cocci\u00f3n sin necesidad de trabajos de montaje adicionales. Peso 2.5 Kg. Material: acero inoxidable AISI 304. Compatible con todos los racks m\u00f3viles de carga m\u00faltiple y racks de regeneraci\u00f3n de platos 612\/ 102. Opcionalmente con carro de transporte para racks m\u00f3viles de carga m\u00faltiple.\",\"breadcrumb\":{\"@id\":\"https:\/\/frionox.com\/catalogo\/producto\/guia-de-insercion-para-rack-movil-de-carga-multiple-62-102-60-60-215\/#breadcrumb\"},\"inLanguage\":\"es\",\"potentialAction\":[{\"@type\":\"ReadAction\",\"target\":[\"https:\/\/frionox.com\/catalogo\/producto\/guia-de-insercion-para-rack-movil-de-carga-multiple-62-102-60-60-215\/\"]}]},{\"@type\":\"ImageObject\",\"inLanguage\":\"es\",\"@id\":\"https:\/\/frionox.com\/catalogo\/producto\/guia-de-insercion-para-rack-movil-de-carga-multiple-62-102-60-60-215\/#primaryimage\",\"url\":\"https:\/\/frionox.com\/catalogo\/wp-content\/uploads\/2020\/04\/60.60.215.jpg\",\"contentUrl\":\"https:\/\/frionox.com\/catalogo\/wp-content\/uploads\/2020\/04\/60.60.215.jpg\",\"width\":600,\"height\":600},{\"@type\":\"BreadcrumbList\",\"@id\":\"https:\/\/frionox.com\/catalogo\/producto\/guia-de-insercion-para-rack-movil-de-carga-multiple-62-102-60-60-215\/#breadcrumb\",\"itemListElement\":[{\"@type\":\"ListItem\",\"position\":1,\"name\":\"Portada\",\"item\":\"https:\/\/frionox.com\/catalogo\/\"},{\"@type\":\"ListItem\",\"position\":2,\"name\":\"Hornos Industriales, Licuadoras Industriales, Cocinas y m\u00e1s\",\"item\":\"https:\/\/frionox.com\/catalogo\/tienda\/\"},{\"@type\":\"ListItem\",\"position\":3,\"name\":\"GU?A DE INSERCI?N PARA RACK M?VIL DE CARGA M?LTIPLE 62\/102 &#8211; 60.60.215\"}]},{\"@type\":\"WebSite\",\"@id\":\"https:\/\/frionox.com\/catalogo\/#website\",\"url\":\"https:\/\/frionox.com\/catalogo\/\",\"name\":\"FRIONOX\",\"description\":\"Equipamiento de cocinas\",\"publisher\":{\"@id\":\"https:\/\/frionox.com\/catalogo\/#organization\"},\"potentialAction\":[{\"@type\":\"SearchAction\",\"target\":{\"@type\":\"EntryPoint\",\"urlTemplate\":\"https:\/\/frionox.com\/catalogo\/?s={search_term_string}\"},\"query-input\":{\"@type\":\"PropertyValueSpecification\",\"valueRequired\":true,\"valueName\":\"search_term_string\"}}],\"inLanguage\":\"es\"},{\"@type\":[\"Organization\",\"Place\",\"LocalBusiness\"],\"@id\":\"https:\/\/frionox.com\/catalogo\/#organization\",\"name\":\"Frionox Equipamiento de cocinas\",\"url\":\"https:\/\/frionox.com\/catalogo\/\",\"logo\":{\"@id\":\"https:\/\/frionox.com\/catalogo\/producto\/guia-de-insercion-para-rack-movil-de-carga-multiple-62-102-60-60-215\/#local-main-organization-logo\"},\"image\":{\"@id\":\"https:\/\/frionox.com\/catalogo\/producto\/guia-de-insercion-para-rack-movil-de-carga-multiple-62-102-60-60-215\/#local-main-organization-logo\"},\"sameAs\":[\"https:\/\/facebook.com\/frionox.pe\",\"https:\/\/x.com\/frionoxsac\",\"https:\/\/youtube.com\/@FRIONOXEQUIPAMIENTODECOCINA\"],\"address\":{\"@id\":\"https:\/\/frionox.com\/catalogo\/producto\/guia-de-insercion-para-rack-movil-de-carga-multiple-62-102-60-60-215\/#local-main-place-address\"},\"geo\":{\"@type\":\"GeoCoordinates\",\"latitude\":\"-11.980133\",\"longitude\":\"-77.06118200000003\"},\"telephone\":[\"+5115221181\"],\"openingHoursSpecification\":[{\"@type\":\"OpeningHoursSpecification\",\"dayOfWeek\":[\"Monday\",\"Tuesday\",\"Wednesday\",\"Thursday\",\"Friday\",\"Saturday\"],\"opens\":\"08:00\",\"closes\":\"18:00\"},{\"@type\":\"OpeningHoursSpecification\",\"dayOfWeek\":[\"Sunday\"],\"opens\":\"00:00\",\"closes\":\"00:00\"}],\"email\":\"cotizaciones@frionox.com\"},{\"@type\":\"PostalAddress\",\"@id\":\"https:\/\/frionox.com\/catalogo\/producto\/guia-de-insercion-para-rack-movil-de-carga-multiple-62-102-60-60-215\/#local-main-place-address\",\"streetAddress\":\"Av. Oscar R. Benavides 1624\",\"addressLocality\":\"Cercado de Lima\",\"postalCode\":\"15082\",\"addressRegion\":\"Lima\",\"addressCountry\":\"PE\"},{\"@type\":\"ImageObject\",\"inLanguage\":\"es\",\"@id\":\"https:\/\/frionox.com\/catalogo\/producto\/guia-de-insercion-para-rack-movil-de-carga-multiple-62-102-60-60-215\/#local-main-organization-logo\",\"url\":\"https:\/\/frionox.com\/catalogo\/wp-content\/uploads\/2020\/04\/LOGO-MOBILE.png\",\"contentUrl\":\"https:\/\/frionox.com\/catalogo\/wp-content\/uploads\/2020\/04\/LOGO-MOBILE.png\",\"width\":203,\"height\":61,\"caption\":\"Frionox Equipamiento de cocinas\"}]}<\/script>\n<meta property=\"product:price:amount\" content=\"342.20\" \/>\n<meta property=\"product:price:currency\" content=\"PEN\" \/>\n<meta property=\"og:availability\" content=\"backorder\" \/>\n<meta property=\"product:availability\" content=\"available for order\" \/>\n<meta property=\"product:retailer_item_id\" content=\"60.60.215\" \/>\n<meta property=\"product:condition\" content=\"new\" \/>\n<meta name=\"geo.placename\" content=\"Cercado de Lima\" \/>\n<meta name=\"geo.position\" content=\"-11.980133;-77.06118200000003\" \/>\n<meta name=\"geo.region\" content=\"Per\u00fa\" \/>\n<!-- \/ Yoast SEO Premium plugin. -->","yoast_head_json":{"title":"GU?A DE INSERCI?N PARA RACK M?VIL DE CARGA M?LTIPLE 62\/102 - 60.60.215 - FRIONOX","description":"Para la introducci\u00f3n del rack m\u00f3vil de carga m\u00faltiple en aparatos de sobremesa. Con bloqueo del rack m\u00f3vil de carga m\u00faltiple. Se coloca en la c\u00e1mara de cocci\u00f3n sin necesidad de trabajos de montaje adicionales. Peso 2.5 Kg. Material: acero inoxidable AISI 304. Compatible con todos los racks m\u00f3viles de carga m\u00faltiple y racks de regeneraci\u00f3n de platos 612\/ 102. Opcionalmente con carro de transporte para racks m\u00f3viles de carga m\u00faltiple.","robots":{"index":"index","follow":"follow","max-snippet":"max-snippet:-1","max-image-preview":"max-image-preview:large","max-video-preview":"max-video-preview:-1"},"canonical":"https:\/\/frionox.com\/catalogo\/producto\/guia-de-insercion-para-rack-movil-de-carga-multiple-62-102-60-60-215\/","og_locale":"es_ES","og_type":"article","og_title":"GU?A DE INSERCI?N PARA RACK M?VIL DE CARGA M?LTIPLE 62\/102 - 60.60.215","og_description":"Para la introducci\u00f3n del rack m\u00f3vil de carga m\u00faltiple en aparatos de sobremesa. Con bloqueo del rack m\u00f3vil de carga m\u00faltiple. Se coloca en la c\u00e1mara de cocci\u00f3n sin necesidad de trabajos de montaje adicionales. Peso 2.5 Kg. Material: acero inoxidable AISI 304. Compatible con todos los racks m\u00f3viles de carga m\u00faltiple y racks de regeneraci\u00f3n de platos 612\/ 102. Opcionalmente con carro de transporte para racks m\u00f3viles de carga m\u00faltiple.","og_url":"https:\/\/frionox.com\/catalogo\/producto\/guia-de-insercion-para-rack-movil-de-carga-multiple-62-102-60-60-215\/","og_site_name":"FRIONOX","article_publisher":"https:\/\/facebook.com\/frionox.pe","article_modified_time":"2020-11-11T17:57:46+00:00","og_image":[{"width":600,"height":600,"url":"https:\/\/frionox.com\/catalogo\/wp-content\/uploads\/2020\/04\/60.60.215.jpg","type":"image\/jpeg"}],"twitter_card":"summary_large_image","twitter_site":"@frionoxsac","twitter_misc":{"Precio":"S\/342.20","Disponibilidad":"Disponible para reservar"},"schema":{"@context":"https:\/\/schema.org","@graph":[{"@type":"WebPage","@id":"https:\/\/frionox.com\/catalogo\/producto\/guia-de-insercion-para-rack-movil-de-carga-multiple-62-102-60-60-215\/","url":"https:\/\/frionox.com\/catalogo\/producto\/guia-de-insercion-para-rack-movil-de-carga-multiple-62-102-60-60-215\/","name":"GU?A DE INSERCI?N PARA RACK M?VIL DE CARGA M?LTIPLE 62\/102 - 60.60.215 - FRIONOX","isPartOf":{"@id":"https:\/\/frionox.com\/catalogo\/#website"},"primaryImageOfPage":{"@id":"https:\/\/frionox.com\/catalogo\/producto\/guia-de-insercion-para-rack-movil-de-carga-multiple-62-102-60-60-215\/#primaryimage"},"image":{"@id":"https:\/\/frionox.com\/catalogo\/producto\/guia-de-insercion-para-rack-movil-de-carga-multiple-62-102-60-60-215\/#primaryimage"},"thumbnailUrl":"https:\/\/frionox.com\/catalogo\/wp-content\/uploads\/2020\/04\/60.60.215.jpg","datePublished":"2020-04-16T22:18:49+00:00","dateModified":"2020-11-11T17:57:46+00:00","description":"Para la introducci\u00f3n del rack m\u00f3vil de carga m\u00faltiple en aparatos de sobremesa. Con bloqueo del rack m\u00f3vil de carga m\u00faltiple. Se coloca en la c\u00e1mara de cocci\u00f3n sin necesidad de trabajos de montaje adicionales. Peso 2.5 Kg. Material: acero inoxidable AISI 304. Compatible con todos los racks m\u00f3viles de carga m\u00faltiple y racks de regeneraci\u00f3n de platos 612\/ 102. Opcionalmente con carro de transporte para racks m\u00f3viles de carga m\u00faltiple.","breadcrumb":{"@id":"https:\/\/frionox.com\/catalogo\/producto\/guia-de-insercion-para-rack-movil-de-carga-multiple-62-102-60-60-215\/#breadcrumb"},"inLanguage":"es","potentialAction":[{"@type":"ReadAction","target":["https:\/\/frionox.com\/catalogo\/producto\/guia-de-insercion-para-rack-movil-de-carga-multiple-62-102-60-60-215\/"]}]},{"@type":"ImageObject","inLanguage":"es","@id":"https:\/\/frionox.com\/catalogo\/producto\/guia-de-insercion-para-rack-movil-de-carga-multiple-62-102-60-60-215\/#primaryimage","url":"https:\/\/frionox.com\/catalogo\/wp-content\/uploads\/2020\/04\/60.60.215.jpg","contentUrl":"https:\/\/frionox.com\/catalogo\/wp-content\/uploads\/2020\/04\/60.60.215.jpg","width":600,"height":600},{"@type":"BreadcrumbList","@id":"https:\/\/frionox.com\/catalogo\/producto\/guia-de-insercion-para-rack-movil-de-carga-multiple-62-102-60-60-215\/#breadcrumb","itemListElement":[{"@type":"ListItem","position":1,"name":"Portada","item":"https:\/\/frionox.com\/catalogo\/"},{"@type":"ListItem","position":2,"name":"Hornos Industriales, Licuadoras Industriales, Cocinas y m\u00e1s","item":"https:\/\/frionox.com\/catalogo\/tienda\/"},{"@type":"ListItem","position":3,"name":"GU?A DE INSERCI?N PARA RACK M?VIL DE CARGA M?LTIPLE 62\/102 &#8211; 60.60.215"}]},{"@type":"WebSite","@id":"https:\/\/frionox.com\/catalogo\/#website","url":"https:\/\/frionox.com\/catalogo\/","name":"FRIONOX","description":"Equipamiento de cocinas","publisher":{"@id":"https:\/\/frionox.com\/catalogo\/#organization"},"potentialAction":[{"@type":"SearchAction","target":{"@type":"EntryPoint","urlTemplate":"https:\/\/frionox.com\/catalogo\/?s={search_term_string}"},"query-input":{"@type":"PropertyValueSpecification","valueRequired":true,"valueName":"search_term_string"}}],"inLanguage":"es"},{"@type":["Organization","Place","LocalBusiness"],"@id":"https:\/\/frionox.com\/catalogo\/#organization","name":"Frionox Equipamiento de cocinas","url":"https:\/\/frionox.com\/catalogo\/","logo":{"@id":"https:\/\/frionox.com\/catalogo\/producto\/guia-de-insercion-para-rack-movil-de-carga-multiple-62-102-60-60-215\/#local-main-organization-logo"},"image":{"@id":"https:\/\/frionox.com\/catalogo\/producto\/guia-de-insercion-para-rack-movil-de-carga-multiple-62-102-60-60-215\/#local-main-organization-logo"},"sameAs":["https:\/\/facebook.com\/frionox.pe","https:\/\/x.com\/frionoxsac","https:\/\/youtube.com\/@FRIONOXEQUIPAMIENTODECOCINA"],"address":{"@id":"https:\/\/frionox.com\/catalogo\/producto\/guia-de-insercion-para-rack-movil-de-carga-multiple-62-102-60-60-215\/#local-main-place-address"},"geo":{"@type":"GeoCoordinates","latitude":"-11.980133","longitude":"-77.06118200000003"},"telephone":["+5115221181"],"openingHoursSpecification":[{"@type":"OpeningHoursSpecification","dayOfWeek":["Monday","Tuesday","Wednesday","Thursday","Friday","Saturday"],"opens":"08:00","closes":"18:00"},{"@type":"OpeningHoursSpecification","dayOfWeek":["Sunday"],"opens":"00:00","closes":"00:00"}],"email":"cotizaciones@frionox.com"},{"@type":"PostalAddress","@id":"https:\/\/frionox.com\/catalogo\/producto\/guia-de-insercion-para-rack-movil-de-carga-multiple-62-102-60-60-215\/#local-main-place-address","streetAddress":"Av. Oscar R. Benavides 1624","addressLocality":"Cercado de Lima","postalCode":"15082","addressRegion":"Lima","addressCountry":"PE"},{"@type":"ImageObject","inLanguage":"es","@id":"https:\/\/frionox.com\/catalogo\/producto\/guia-de-insercion-para-rack-movil-de-carga-multiple-62-102-60-60-215\/#local-main-organization-logo","url":"https:\/\/frionox.com\/catalogo\/wp-content\/uploads\/2020\/04\/LOGO-MOBILE.png","contentUrl":"https:\/\/frionox.com\/catalogo\/wp-content\/uploads\/2020\/04\/LOGO-MOBILE.png","width":203,"height":61,"caption":"Frionox Equipamiento de cocinas"}]},"product_price_amount":"342.20","product_price_currency":"PEN","og_availability":"backorder","product_availability":"available for order","product_retailer_item_id":"60.60.215","product_condition":"new","geo.placename":"Cercado de Lima","geo.position":{"lat":"-11.980133","long":"-77.06118200000003"},"geo.region":"Per\u00fa"},"_links":{"self":[{"href":"https:\/\/frionox.com\/catalogo\/wp-json\/wp\/v2\/product\/12954","targetHints":{"allow":["GET"]}}],"collection":[{"href":"https:\/\/frionox.com\/catalogo\/wp-json\/wp\/v2\/product"}],"about":[{"href":"https:\/\/frionox.com\/catalogo\/wp-json\/wp\/v2\/types\/product"}],"replies":[{"embeddable":true,"href":"https:\/\/frionox.com\/catalogo\/wp-json\/wp\/v2\/comments?post=12954"}],"wp:featuredmedia":[{"embeddable":true,"href":"https:\/\/frionox.com\/catalogo\/wp-json\/wp\/v2\/media\/11768"}],"wp:attachment":[{"href":"https:\/\/frionox.com\/catalogo\/wp-json\/wp\/v2\/media?parent=12954"}],"wp:term":[{"taxonomy":"product_brand","embeddable":true,"href":"https:\/\/frionox.com\/catalogo\/wp-json\/wp\/v2\/product_brand?post=12954"},{"taxonomy":"product_cat","embeddable":true,"href":"https:\/\/frionox.com\/catalogo\/wp-json\/wp\/v2\/product_cat?post=12954"},{"taxonomy":"product_tag","embeddable":true,"href":"https:\/\/frionox.com\/catalogo\/wp-json\/wp\/v2\/product_tag?post=12954"}],"curies":[{"name":"wp","href":"https:\/\/api.w.org\/{rel}","templated":true}]}}