{"id":12789,"date":"2020-04-13T23:28:13","date_gmt":"2020-04-14T04:28:13","guid":{"rendered":"https:\/\/frionox.com\/catalogo\/producto\/marmita-basculante-de-300-litros-a-vapor-im-kdl80t-sck2-td2-ds2-316g2-chs80-dpk2-hs001\/"},"modified":"2026-04-08T17:43:58","modified_gmt":"2026-04-08T22:43:58","slug":"marmita-basculante-de-300-litros-a-vapor-im-kdl80t-sck2-td2-ds2-316g2-chs80-dpk2-hs001","status":"publish","type":"product","link":"https:\/\/frionox.com\/catalogo\/producto\/marmita-basculante-de-300-litros-a-vapor-im-kdl80t-sck2-td2-ds2-316g2-chs80-dpk2-hs001\/","title":{"rendered":"MARMITA BASCULANTE DE 300 LITROS A VAPOR IM-KDL80T-SCK2-TD2-DS2-316G2-CHS80-DPK2-HS001"},"content":{"rendered":"<p>&#8216;-KDL80T-SCK2-TD2-DS2-316G2-CHS80-DPK2-HS001 Cuba de cocci\u00f3n (fondo de AISI),c\u00e1mara intermedia , tapa y envolventen exterior en acero inoxidable AISI 304. Escudo deflector t\u00e9rmico en la parte frontal e Implementaci\u00f3n de Per\u00edmetro de seguridad alrededor del equipo con parantes de acero inoxidable de 1 \u00bd\u201d\u00d8. Fondo de cuba en acero inoxidable AISI 316 de espesor de 4 mm aproximadamente ,tratado para garantizar una buena resistencia a la corrosi\u00f3n. La marmita tiene sistema mec\u00e1nico de basculaci\u00f3n manual. Estructura soporte en acero inoxidable AISI 304 sobre patas con bridas fijadas al piso que garantiza su seguridad y estabilidad. Tapa de acero inoxidable AISI 304 abatible con bisagra de un resorte con tirador at\u00e9rmico. Calentamiento a vapor a presi\u00f3n de trabajo desde 10 psi hasta 50 psi. Grifo mezclador de agua fr\u00eda y caliente en bronce cromado con carga de tubo orientable. Grifo de descarga de la cuba de 2\u201d para un r\u00e1pido vaciado de la misma. Filtro de acero inoxidable en la descarga de la cuba. Manometro de control de presi\u00f3n.El manometro se instalara en la linea de ingreso de vapor a la intercamara. Valvula de seguridad pretratada a la presi\u00f3n de 3.44 bar para la descarga de vapor en la intercamara. Aprobaciones de c\u00f3digo ASME y NSF. *imagen referencial*<\/p>\n","protected":false},"excerpt":{"rendered":"<p>&#8216;-KDL80T-SCK2-TD2-DS2-316G2-CHS80-DPK2-HS001 Cuba de cocci\u00f3n (fondo de AISI),c\u00e1mara intermedia , tapa y envolventen exterior en acero inoxidable AISI 304. Escudo deflector t\u00e9rmico en la parte frontal e Implementaci\u00f3n de Per\u00edmetro de seguridad alrededor del equipo con parantes de acero inoxidable de 1 \u00bd\u201d\u00d8. Fondo de cuba en acero inoxidable AISI 316 de espesor de 4 mm aproximadamente ,tratado para garantizar una buena resistencia a la corrosi\u00f3n. La marmita tiene sistema mec\u00e1nico de basculaci\u00f3n manual. Estructura soporte en acero inoxidable AISI 304 sobre patas con bridas fijadas al piso que garantiza su seguridad y estabilidad. Tapa de acero inoxidable AISI 304 abatible con bisagra de un resorte con tirador at\u00e9rmico. Calentamiento a vapor a presi\u00f3n de trabajo desde 10 psi hasta 50 psi. Grifo mezclador de agua fr\u00eda y caliente en bronce cromado con carga de tubo orientable. Grifo de descarga de la cuba de 2\u201d para un r\u00e1pido vaciado de la misma. Filtro de acero inoxidable en la descarga de la cuba. Manometro de control de presi\u00f3n.El manometro se instalara en la linea de ingreso de vapor a la intercamara. Valvula de seguridad pretratada a la presi\u00f3n de 3.44 bar para la descarga de vapor en la intercamara. Aprobaciones de c\u00f3digo ASME y NSF. *imagen referencial*<\/p>\n","protected":false},"featured_media":11178,"comment_status":"open","ping_status":"closed","template":"","meta":[],"product_brand":[],"product_cat":[118],"product_tag":[],"class_list":{"0":"post-12789","1":"product","2":"type-product","3":"status-publish","4":"has-post-thumbnail","6":"product_cat-marmitas","7":"pa_marcas-cleveland","9":"first","10":"onbackorder","11":"shipping-taxable","12":"purchasable","13":"product-type-simple"},"yoast_head":"<!-- This site is optimized with the Yoast SEO Premium plugin v27.1 (Yoast SEO v27.1.1) - https:\/\/yoast.com\/product\/yoast-seo-premium-wordpress\/ -->\n<title>MARMITA BASCULANTE DE 300 LITROS A VAPOR IM-KDL80T-SCK2-TD2-DS2-316G2-CHS80-DPK2-HS001 - FRIONOX<\/title>\n<meta name=\"description\" content=\"&#039;-KDL80T-SCK2-TD2-DS2-316G2-CHS80-DPK2-HS001 Cuba de cocci\u00f3n (fondo de AISI),c\u00e1mara intermedia , tapa y envolventen exterior en acero inoxidable AISI 304. Escudo deflector t\u00e9rmico en la parte frontal e Implementaci\u00f3n de Per\u00edmetro de seguridad alrededor del equipo con parantes de acero inoxidable de 1 \u00bd\u201d\u00d8. Fondo de cuba en acero inoxidable AISI 316 de espesor de 4 mm aproximadamente ,tratado para garantizar una buena resistencia a la corrosi\u00f3n. La marmita tiene sistema mec\u00e1nico de basculaci\u00f3n manual. Estructura soporte en acero inoxidable AISI 304 sobre patas con bridas fijadas al piso que garantiza su seguridad y estabilidad. Tapa de acero inoxidable AISI 304 abatible con bisagra de un resorte con tirador at\u00e9rmico. Calentamiento a vapor a presi\u00f3n de trabajo desde 10 psi hasta 50 psi. Grifo mezclador de agua fr\u00eda y caliente en bronce cromado con carga de tubo orientable. Grifo de descarga de la cuba de 2\u201d para un r\u00e1pido vaciado de la misma. Filtro de acero inoxidable en la descarga de la cuba. Manometro de control de presi\u00f3n.El manometro se instalara en la linea de ingreso de vapor a la intercamara. Valvula de seguridad pretratada a la presi\u00f3n de 3.44 bar para la descarga de vapor en la intercamara. Aprobaciones de c\u00f3digo ASME y NSF. *imagen referencial*\" \/>\n<meta name=\"robots\" content=\"index, follow, max-snippet:-1, max-image-preview:large, max-video-preview:-1\" \/>\n<link rel=\"canonical\" href=\"https:\/\/frionox.com\/catalogo\/producto\/marmita-basculante-de-300-litros-a-vapor-im-kdl80t-sck2-td2-ds2-316g2-chs80-dpk2-hs001\/\" \/>\n<meta property=\"og:locale\" content=\"es_ES\" \/>\n<meta property=\"og:type\" content=\"article\" \/>\n<meta property=\"og:title\" content=\"MARMITA BASCULANTE DE 300 LITROS A VAPOR IM-KDL80T-SCK2-TD2-DS2-316G2-CHS80-DPK2-HS001\" \/>\n<meta property=\"og:description\" content=\"&#039;-KDL80T-SCK2-TD2-DS2-316G2-CHS80-DPK2-HS001 Cuba de cocci\u00f3n (fondo de AISI),c\u00e1mara intermedia , tapa y envolventen exterior en acero inoxidable AISI 304. Escudo deflector t\u00e9rmico en la parte frontal e Implementaci\u00f3n de Per\u00edmetro de seguridad alrededor del equipo con parantes de acero inoxidable de 1 \u00bd\u201d\u00d8. Fondo de cuba en acero inoxidable AISI 316 de espesor de 4 mm aproximadamente ,tratado para garantizar una buena resistencia a la corrosi\u00f3n. La marmita tiene sistema mec\u00e1nico de basculaci\u00f3n manual. Estructura soporte en acero inoxidable AISI 304 sobre patas con bridas fijadas al piso que garantiza su seguridad y estabilidad. Tapa de acero inoxidable AISI 304 abatible con bisagra de un resorte con tirador at\u00e9rmico. Calentamiento a vapor a presi\u00f3n de trabajo desde 10 psi hasta 50 psi. Grifo mezclador de agua fr\u00eda y caliente en bronce cromado con carga de tubo orientable. Grifo de descarga de la cuba de 2\u201d para un r\u00e1pido vaciado de la misma. Filtro de acero inoxidable en la descarga de la cuba. Manometro de control de presi\u00f3n.El manometro se instalara en la linea de ingreso de vapor a la intercamara. Valvula de seguridad pretratada a la presi\u00f3n de 3.44 bar para la descarga de vapor en la intercamara. Aprobaciones de c\u00f3digo ASME y NSF. *imagen referencial*\" \/>\n<meta property=\"og:url\" content=\"https:\/\/frionox.com\/catalogo\/producto\/marmita-basculante-de-300-litros-a-vapor-im-kdl80t-sck2-td2-ds2-316g2-chs80-dpk2-hs001\/\" \/>\n<meta property=\"og:site_name\" content=\"FRIONOX\" \/>\n<meta property=\"article:publisher\" content=\"https:\/\/facebook.com\/frionox.pe\" \/>\n<meta property=\"article:modified_time\" content=\"2026-04-08T22:43:58+00:00\" \/>\n<meta property=\"og:image\" content=\"https:\/\/frionox.com\/catalogo\/wp-content\/uploads\/2020\/04\/KDL80T.jpg\" \/>\n\t<meta property=\"og:image:width\" content=\"800\" \/>\n\t<meta property=\"og:image:height\" content=\"800\" \/>\n\t<meta property=\"og:image:type\" content=\"image\/jpeg\" \/>\n<meta name=\"twitter:card\" content=\"summary_large_image\" \/>\n<meta name=\"twitter:site\" content=\"@frionoxsac\" \/>\n<meta name=\"twitter:label1\" content=\"Precio\" \/>\n\t<meta name=\"twitter:data1\" content=\"S\/0.00\" \/>\n\t<meta name=\"twitter:label2\" content=\"Disponibilidad\" \/>\n\t<meta name=\"twitter:data2\" content=\"Disponible para reservar\" \/>\n<script type=\"application\/ld+json\" class=\"yoast-schema-graph\">{\"@context\":\"https:\/\/schema.org\",\"@graph\":[{\"@type\":\"WebPage\",\"@id\":\"https:\/\/frionox.com\/catalogo\/producto\/marmita-basculante-de-300-litros-a-vapor-im-kdl80t-sck2-td2-ds2-316g2-chs80-dpk2-hs001\/\",\"url\":\"https:\/\/frionox.com\/catalogo\/producto\/marmita-basculante-de-300-litros-a-vapor-im-kdl80t-sck2-td2-ds2-316g2-chs80-dpk2-hs001\/\",\"name\":\"MARMITA BASCULANTE DE 300 LITROS A VAPOR IM-KDL80T-SCK2-TD2-DS2-316G2-CHS80-DPK2-HS001 - FRIONOX\",\"isPartOf\":{\"@id\":\"https:\/\/frionox.com\/catalogo\/#website\"},\"primaryImageOfPage\":{\"@id\":\"https:\/\/frionox.com\/catalogo\/producto\/marmita-basculante-de-300-litros-a-vapor-im-kdl80t-sck2-td2-ds2-316g2-chs80-dpk2-hs001\/#primaryimage\"},\"image\":{\"@id\":\"https:\/\/frionox.com\/catalogo\/producto\/marmita-basculante-de-300-litros-a-vapor-im-kdl80t-sck2-td2-ds2-316g2-chs80-dpk2-hs001\/#primaryimage\"},\"thumbnailUrl\":\"https:\/\/frionox.com\/catalogo\/wp-content\/uploads\/2020\/04\/KDL80T.jpg\",\"datePublished\":\"2020-04-14T04:28:13+00:00\",\"dateModified\":\"2026-04-08T22:43:58+00:00\",\"description\":\"'-KDL80T-SCK2-TD2-DS2-316G2-CHS80-DPK2-HS001 Cuba de cocci\u00f3n (fondo de AISI),c\u00e1mara intermedia , tapa y envolventen exterior en acero inoxidable AISI 304. Escudo deflector t\u00e9rmico en la parte frontal e Implementaci\u00f3n de Per\u00edmetro de seguridad alrededor del equipo con parantes de acero inoxidable de 1 \u00bd\u201d\u00d8. Fondo de cuba en acero inoxidable AISI 316 de espesor de 4 mm aproximadamente ,tratado para garantizar una buena resistencia a la corrosi\u00f3n. La marmita tiene sistema mec\u00e1nico de basculaci\u00f3n manual. Estructura soporte en acero inoxidable AISI 304 sobre patas con bridas fijadas al piso que garantiza su seguridad y estabilidad. Tapa de acero inoxidable AISI 304 abatible con bisagra de un resorte con tirador at\u00e9rmico. Calentamiento a vapor a presi\u00f3n de trabajo desde 10 psi hasta 50 psi. Grifo mezclador de agua fr\u00eda y caliente en bronce cromado con carga de tubo orientable. Grifo de descarga de la cuba de 2\u201d para un r\u00e1pido vaciado de la misma. Filtro de acero inoxidable en la descarga de la cuba. Manometro de control de presi\u00f3n.El manometro se instalara en la linea de ingreso de vapor a la intercamara. Valvula de seguridad pretratada a la presi\u00f3n de 3.44 bar para la descarga de vapor en la intercamara. Aprobaciones de c\u00f3digo ASME y NSF. *imagen referencial*\",\"breadcrumb\":{\"@id\":\"https:\/\/frionox.com\/catalogo\/producto\/marmita-basculante-de-300-litros-a-vapor-im-kdl80t-sck2-td2-ds2-316g2-chs80-dpk2-hs001\/#breadcrumb\"},\"inLanguage\":\"es\",\"potentialAction\":[{\"@type\":\"ReadAction\",\"target\":[\"https:\/\/frionox.com\/catalogo\/producto\/marmita-basculante-de-300-litros-a-vapor-im-kdl80t-sck2-td2-ds2-316g2-chs80-dpk2-hs001\/\"]}]},{\"@type\":\"ImageObject\",\"inLanguage\":\"es\",\"@id\":\"https:\/\/frionox.com\/catalogo\/producto\/marmita-basculante-de-300-litros-a-vapor-im-kdl80t-sck2-td2-ds2-316g2-chs80-dpk2-hs001\/#primaryimage\",\"url\":\"https:\/\/frionox.com\/catalogo\/wp-content\/uploads\/2020\/04\/KDL80T.jpg\",\"contentUrl\":\"https:\/\/frionox.com\/catalogo\/wp-content\/uploads\/2020\/04\/KDL80T.jpg\",\"width\":800,\"height\":800},{\"@type\":\"BreadcrumbList\",\"@id\":\"https:\/\/frionox.com\/catalogo\/producto\/marmita-basculante-de-300-litros-a-vapor-im-kdl80t-sck2-td2-ds2-316g2-chs80-dpk2-hs001\/#breadcrumb\",\"itemListElement\":[{\"@type\":\"ListItem\",\"position\":1,\"name\":\"Portada\",\"item\":\"https:\/\/frionox.com\/catalogo\/\"},{\"@type\":\"ListItem\",\"position\":2,\"name\":\"Hornos Industriales, Licuadoras Industriales, Cocinas y m\u00e1s\",\"item\":\"https:\/\/frionox.com\/catalogo\/tienda\/\"},{\"@type\":\"ListItem\",\"position\":3,\"name\":\"MARMITA BASCULANTE DE 300 LITROS A VAPOR IM-KDL80T-SCK2-TD2-DS2-316G2-CHS80-DPK2-HS001\"}]},{\"@type\":\"WebSite\",\"@id\":\"https:\/\/frionox.com\/catalogo\/#website\",\"url\":\"https:\/\/frionox.com\/catalogo\/\",\"name\":\"FRIONOX\",\"description\":\"Equipamiento de cocinas\",\"publisher\":{\"@id\":\"https:\/\/frionox.com\/catalogo\/#organization\"},\"potentialAction\":[{\"@type\":\"SearchAction\",\"target\":{\"@type\":\"EntryPoint\",\"urlTemplate\":\"https:\/\/frionox.com\/catalogo\/?s={search_term_string}\"},\"query-input\":{\"@type\":\"PropertyValueSpecification\",\"valueRequired\":true,\"valueName\":\"search_term_string\"}}],\"inLanguage\":\"es\"},{\"@type\":[\"Organization\",\"Place\",\"LocalBusiness\"],\"@id\":\"https:\/\/frionox.com\/catalogo\/#organization\",\"name\":\"Frionox Equipamiento de cocinas\",\"url\":\"https:\/\/frionox.com\/catalogo\/\",\"logo\":{\"@id\":\"https:\/\/frionox.com\/catalogo\/producto\/marmita-basculante-de-300-litros-a-vapor-im-kdl80t-sck2-td2-ds2-316g2-chs80-dpk2-hs001\/#local-main-organization-logo\"},\"image\":{\"@id\":\"https:\/\/frionox.com\/catalogo\/producto\/marmita-basculante-de-300-litros-a-vapor-im-kdl80t-sck2-td2-ds2-316g2-chs80-dpk2-hs001\/#local-main-organization-logo\"},\"sameAs\":[\"https:\/\/facebook.com\/frionox.pe\",\"https:\/\/x.com\/frionoxsac\",\"https:\/\/youtube.com\/@FRIONOXEQUIPAMIENTODECOCINA\"],\"address\":{\"@id\":\"https:\/\/frionox.com\/catalogo\/producto\/marmita-basculante-de-300-litros-a-vapor-im-kdl80t-sck2-td2-ds2-316g2-chs80-dpk2-hs001\/#local-main-place-address\"},\"geo\":{\"@type\":\"GeoCoordinates\",\"latitude\":\"-11.980133\",\"longitude\":\"-77.06118200000003\"},\"telephone\":[\"+5115221181\"],\"openingHoursSpecification\":[{\"@type\":\"OpeningHoursSpecification\",\"dayOfWeek\":[\"Monday\",\"Tuesday\",\"Wednesday\",\"Thursday\",\"Friday\",\"Saturday\"],\"opens\":\"08:00\",\"closes\":\"18:00\"},{\"@type\":\"OpeningHoursSpecification\",\"dayOfWeek\":[\"Sunday\"],\"opens\":\"00:00\",\"closes\":\"00:00\"}],\"email\":\"cotizaciones@frionox.com\"},{\"@type\":\"PostalAddress\",\"@id\":\"https:\/\/frionox.com\/catalogo\/producto\/marmita-basculante-de-300-litros-a-vapor-im-kdl80t-sck2-td2-ds2-316g2-chs80-dpk2-hs001\/#local-main-place-address\",\"streetAddress\":\"Av. Oscar R. Benavides 1624\",\"addressLocality\":\"Cercado de Lima\",\"postalCode\":\"15082\",\"addressRegion\":\"Lima\",\"addressCountry\":\"PE\"},{\"@type\":\"ImageObject\",\"inLanguage\":\"es\",\"@id\":\"https:\/\/frionox.com\/catalogo\/producto\/marmita-basculante-de-300-litros-a-vapor-im-kdl80t-sck2-td2-ds2-316g2-chs80-dpk2-hs001\/#local-main-organization-logo\",\"url\":\"https:\/\/frionox.com\/catalogo\/wp-content\/uploads\/2020\/04\/LOGO-MOBILE.png\",\"contentUrl\":\"https:\/\/frionox.com\/catalogo\/wp-content\/uploads\/2020\/04\/LOGO-MOBILE.png\",\"width\":203,\"height\":61,\"caption\":\"Frionox Equipamiento de cocinas\"}]}<\/script>\n<meta property=\"product:price:amount\" content=\"0.00\" \/>\n<meta property=\"product:price:currency\" content=\"PEN\" \/>\n<meta property=\"og:availability\" content=\"backorder\" \/>\n<meta property=\"product:availability\" content=\"available for order\" \/>\n<meta property=\"product:retailer_item_id\" content=\"X-KDL80T\" \/>\n<meta property=\"product:condition\" content=\"new\" \/>\n<meta name=\"geo.placename\" content=\"Cercado de Lima\" \/>\n<meta name=\"geo.position\" content=\"-11.980133;-77.06118200000003\" \/>\n<meta name=\"geo.region\" content=\"Per\u00fa\" \/>\n<!-- \/ Yoast SEO Premium plugin. -->","yoast_head_json":{"title":"MARMITA BASCULANTE DE 300 LITROS A VAPOR IM-KDL80T-SCK2-TD2-DS2-316G2-CHS80-DPK2-HS001 - FRIONOX","description":"'-KDL80T-SCK2-TD2-DS2-316G2-CHS80-DPK2-HS001 Cuba de cocci\u00f3n (fondo de AISI),c\u00e1mara intermedia , tapa y envolventen exterior en acero inoxidable AISI 304. Escudo deflector t\u00e9rmico en la parte frontal e Implementaci\u00f3n de Per\u00edmetro de seguridad alrededor del equipo con parantes de acero inoxidable de 1 \u00bd\u201d\u00d8. Fondo de cuba en acero inoxidable AISI 316 de espesor de 4 mm aproximadamente ,tratado para garantizar una buena resistencia a la corrosi\u00f3n. La marmita tiene sistema mec\u00e1nico de basculaci\u00f3n manual. Estructura soporte en acero inoxidable AISI 304 sobre patas con bridas fijadas al piso que garantiza su seguridad y estabilidad. Tapa de acero inoxidable AISI 304 abatible con bisagra de un resorte con tirador at\u00e9rmico. Calentamiento a vapor a presi\u00f3n de trabajo desde 10 psi hasta 50 psi. Grifo mezclador de agua fr\u00eda y caliente en bronce cromado con carga de tubo orientable. Grifo de descarga de la cuba de 2\u201d para un r\u00e1pido vaciado de la misma. Filtro de acero inoxidable en la descarga de la cuba. Manometro de control de presi\u00f3n.El manometro se instalara en la linea de ingreso de vapor a la intercamara. Valvula de seguridad pretratada a la presi\u00f3n de 3.44 bar para la descarga de vapor en la intercamara. Aprobaciones de c\u00f3digo ASME y NSF. *imagen referencial*","robots":{"index":"index","follow":"follow","max-snippet":"max-snippet:-1","max-image-preview":"max-image-preview:large","max-video-preview":"max-video-preview:-1"},"canonical":"https:\/\/frionox.com\/catalogo\/producto\/marmita-basculante-de-300-litros-a-vapor-im-kdl80t-sck2-td2-ds2-316g2-chs80-dpk2-hs001\/","og_locale":"es_ES","og_type":"article","og_title":"MARMITA BASCULANTE DE 300 LITROS A VAPOR IM-KDL80T-SCK2-TD2-DS2-316G2-CHS80-DPK2-HS001","og_description":"'-KDL80T-SCK2-TD2-DS2-316G2-CHS80-DPK2-HS001 Cuba de cocci\u00f3n (fondo de AISI),c\u00e1mara intermedia , tapa y envolventen exterior en acero inoxidable AISI 304. Escudo deflector t\u00e9rmico en la parte frontal e Implementaci\u00f3n de Per\u00edmetro de seguridad alrededor del equipo con parantes de acero inoxidable de 1 \u00bd\u201d\u00d8. Fondo de cuba en acero inoxidable AISI 316 de espesor de 4 mm aproximadamente ,tratado para garantizar una buena resistencia a la corrosi\u00f3n. La marmita tiene sistema mec\u00e1nico de basculaci\u00f3n manual. Estructura soporte en acero inoxidable AISI 304 sobre patas con bridas fijadas al piso que garantiza su seguridad y estabilidad. Tapa de acero inoxidable AISI 304 abatible con bisagra de un resorte con tirador at\u00e9rmico. Calentamiento a vapor a presi\u00f3n de trabajo desde 10 psi hasta 50 psi. Grifo mezclador de agua fr\u00eda y caliente en bronce cromado con carga de tubo orientable. Grifo de descarga de la cuba de 2\u201d para un r\u00e1pido vaciado de la misma. Filtro de acero inoxidable en la descarga de la cuba. Manometro de control de presi\u00f3n.El manometro se instalara en la linea de ingreso de vapor a la intercamara. Valvula de seguridad pretratada a la presi\u00f3n de 3.44 bar para la descarga de vapor en la intercamara. Aprobaciones de c\u00f3digo ASME y NSF. *imagen referencial*","og_url":"https:\/\/frionox.com\/catalogo\/producto\/marmita-basculante-de-300-litros-a-vapor-im-kdl80t-sck2-td2-ds2-316g2-chs80-dpk2-hs001\/","og_site_name":"FRIONOX","article_publisher":"https:\/\/facebook.com\/frionox.pe","article_modified_time":"2026-04-08T22:43:58+00:00","og_image":[{"width":800,"height":800,"url":"https:\/\/frionox.com\/catalogo\/wp-content\/uploads\/2020\/04\/KDL80T.jpg","type":"image\/jpeg"}],"twitter_card":"summary_large_image","twitter_site":"@frionoxsac","twitter_misc":{"Precio":"S\/0.00","Disponibilidad":"Disponible para reservar"},"schema":{"@context":"https:\/\/schema.org","@graph":[{"@type":"WebPage","@id":"https:\/\/frionox.com\/catalogo\/producto\/marmita-basculante-de-300-litros-a-vapor-im-kdl80t-sck2-td2-ds2-316g2-chs80-dpk2-hs001\/","url":"https:\/\/frionox.com\/catalogo\/producto\/marmita-basculante-de-300-litros-a-vapor-im-kdl80t-sck2-td2-ds2-316g2-chs80-dpk2-hs001\/","name":"MARMITA BASCULANTE DE 300 LITROS A VAPOR IM-KDL80T-SCK2-TD2-DS2-316G2-CHS80-DPK2-HS001 - FRIONOX","isPartOf":{"@id":"https:\/\/frionox.com\/catalogo\/#website"},"primaryImageOfPage":{"@id":"https:\/\/frionox.com\/catalogo\/producto\/marmita-basculante-de-300-litros-a-vapor-im-kdl80t-sck2-td2-ds2-316g2-chs80-dpk2-hs001\/#primaryimage"},"image":{"@id":"https:\/\/frionox.com\/catalogo\/producto\/marmita-basculante-de-300-litros-a-vapor-im-kdl80t-sck2-td2-ds2-316g2-chs80-dpk2-hs001\/#primaryimage"},"thumbnailUrl":"https:\/\/frionox.com\/catalogo\/wp-content\/uploads\/2020\/04\/KDL80T.jpg","datePublished":"2020-04-14T04:28:13+00:00","dateModified":"2026-04-08T22:43:58+00:00","description":"'-KDL80T-SCK2-TD2-DS2-316G2-CHS80-DPK2-HS001 Cuba de cocci\u00f3n (fondo de AISI),c\u00e1mara intermedia , tapa y envolventen exterior en acero inoxidable AISI 304. Escudo deflector t\u00e9rmico en la parte frontal e Implementaci\u00f3n de Per\u00edmetro de seguridad alrededor del equipo con parantes de acero inoxidable de 1 \u00bd\u201d\u00d8. Fondo de cuba en acero inoxidable AISI 316 de espesor de 4 mm aproximadamente ,tratado para garantizar una buena resistencia a la corrosi\u00f3n. La marmita tiene sistema mec\u00e1nico de basculaci\u00f3n manual. Estructura soporte en acero inoxidable AISI 304 sobre patas con bridas fijadas al piso que garantiza su seguridad y estabilidad. Tapa de acero inoxidable AISI 304 abatible con bisagra de un resorte con tirador at\u00e9rmico. Calentamiento a vapor a presi\u00f3n de trabajo desde 10 psi hasta 50 psi. Grifo mezclador de agua fr\u00eda y caliente en bronce cromado con carga de tubo orientable. Grifo de descarga de la cuba de 2\u201d para un r\u00e1pido vaciado de la misma. Filtro de acero inoxidable en la descarga de la cuba. Manometro de control de presi\u00f3n.El manometro se instalara en la linea de ingreso de vapor a la intercamara. Valvula de seguridad pretratada a la presi\u00f3n de 3.44 bar para la descarga de vapor en la intercamara. Aprobaciones de c\u00f3digo ASME y NSF. *imagen referencial*","breadcrumb":{"@id":"https:\/\/frionox.com\/catalogo\/producto\/marmita-basculante-de-300-litros-a-vapor-im-kdl80t-sck2-td2-ds2-316g2-chs80-dpk2-hs001\/#breadcrumb"},"inLanguage":"es","potentialAction":[{"@type":"ReadAction","target":["https:\/\/frionox.com\/catalogo\/producto\/marmita-basculante-de-300-litros-a-vapor-im-kdl80t-sck2-td2-ds2-316g2-chs80-dpk2-hs001\/"]}]},{"@type":"ImageObject","inLanguage":"es","@id":"https:\/\/frionox.com\/catalogo\/producto\/marmita-basculante-de-300-litros-a-vapor-im-kdl80t-sck2-td2-ds2-316g2-chs80-dpk2-hs001\/#primaryimage","url":"https:\/\/frionox.com\/catalogo\/wp-content\/uploads\/2020\/04\/KDL80T.jpg","contentUrl":"https:\/\/frionox.com\/catalogo\/wp-content\/uploads\/2020\/04\/KDL80T.jpg","width":800,"height":800},{"@type":"BreadcrumbList","@id":"https:\/\/frionox.com\/catalogo\/producto\/marmita-basculante-de-300-litros-a-vapor-im-kdl80t-sck2-td2-ds2-316g2-chs80-dpk2-hs001\/#breadcrumb","itemListElement":[{"@type":"ListItem","position":1,"name":"Portada","item":"https:\/\/frionox.com\/catalogo\/"},{"@type":"ListItem","position":2,"name":"Hornos Industriales, Licuadoras Industriales, Cocinas y m\u00e1s","item":"https:\/\/frionox.com\/catalogo\/tienda\/"},{"@type":"ListItem","position":3,"name":"MARMITA BASCULANTE DE 300 LITROS A VAPOR IM-KDL80T-SCK2-TD2-DS2-316G2-CHS80-DPK2-HS001"}]},{"@type":"WebSite","@id":"https:\/\/frionox.com\/catalogo\/#website","url":"https:\/\/frionox.com\/catalogo\/","name":"FRIONOX","description":"Equipamiento de cocinas","publisher":{"@id":"https:\/\/frionox.com\/catalogo\/#organization"},"potentialAction":[{"@type":"SearchAction","target":{"@type":"EntryPoint","urlTemplate":"https:\/\/frionox.com\/catalogo\/?s={search_term_string}"},"query-input":{"@type":"PropertyValueSpecification","valueRequired":true,"valueName":"search_term_string"}}],"inLanguage":"es"},{"@type":["Organization","Place","LocalBusiness"],"@id":"https:\/\/frionox.com\/catalogo\/#organization","name":"Frionox Equipamiento de cocinas","url":"https:\/\/frionox.com\/catalogo\/","logo":{"@id":"https:\/\/frionox.com\/catalogo\/producto\/marmita-basculante-de-300-litros-a-vapor-im-kdl80t-sck2-td2-ds2-316g2-chs80-dpk2-hs001\/#local-main-organization-logo"},"image":{"@id":"https:\/\/frionox.com\/catalogo\/producto\/marmita-basculante-de-300-litros-a-vapor-im-kdl80t-sck2-td2-ds2-316g2-chs80-dpk2-hs001\/#local-main-organization-logo"},"sameAs":["https:\/\/facebook.com\/frionox.pe","https:\/\/x.com\/frionoxsac","https:\/\/youtube.com\/@FRIONOXEQUIPAMIENTODECOCINA"],"address":{"@id":"https:\/\/frionox.com\/catalogo\/producto\/marmita-basculante-de-300-litros-a-vapor-im-kdl80t-sck2-td2-ds2-316g2-chs80-dpk2-hs001\/#local-main-place-address"},"geo":{"@type":"GeoCoordinates","latitude":"-11.980133","longitude":"-77.06118200000003"},"telephone":["+5115221181"],"openingHoursSpecification":[{"@type":"OpeningHoursSpecification","dayOfWeek":["Monday","Tuesday","Wednesday","Thursday","Friday","Saturday"],"opens":"08:00","closes":"18:00"},{"@type":"OpeningHoursSpecification","dayOfWeek":["Sunday"],"opens":"00:00","closes":"00:00"}],"email":"cotizaciones@frionox.com"},{"@type":"PostalAddress","@id":"https:\/\/frionox.com\/catalogo\/producto\/marmita-basculante-de-300-litros-a-vapor-im-kdl80t-sck2-td2-ds2-316g2-chs80-dpk2-hs001\/#local-main-place-address","streetAddress":"Av. Oscar R. Benavides 1624","addressLocality":"Cercado de Lima","postalCode":"15082","addressRegion":"Lima","addressCountry":"PE"},{"@type":"ImageObject","inLanguage":"es","@id":"https:\/\/frionox.com\/catalogo\/producto\/marmita-basculante-de-300-litros-a-vapor-im-kdl80t-sck2-td2-ds2-316g2-chs80-dpk2-hs001\/#local-main-organization-logo","url":"https:\/\/frionox.com\/catalogo\/wp-content\/uploads\/2020\/04\/LOGO-MOBILE.png","contentUrl":"https:\/\/frionox.com\/catalogo\/wp-content\/uploads\/2020\/04\/LOGO-MOBILE.png","width":203,"height":61,"caption":"Frionox Equipamiento de cocinas"}]},"product_price_amount":"0.00","product_price_currency":"PEN","og_availability":"backorder","product_availability":"available for order","product_retailer_item_id":"X-KDL80T","product_condition":"new","geo.placename":"Cercado de Lima","geo.position":{"lat":"-11.980133","long":"-77.06118200000003"},"geo.region":"Per\u00fa"},"_links":{"self":[{"href":"https:\/\/frionox.com\/catalogo\/wp-json\/wp\/v2\/product\/12789","targetHints":{"allow":["GET"]}}],"collection":[{"href":"https:\/\/frionox.com\/catalogo\/wp-json\/wp\/v2\/product"}],"about":[{"href":"https:\/\/frionox.com\/catalogo\/wp-json\/wp\/v2\/types\/product"}],"replies":[{"embeddable":true,"href":"https:\/\/frionox.com\/catalogo\/wp-json\/wp\/v2\/comments?post=12789"}],"wp:featuredmedia":[{"embeddable":true,"href":"https:\/\/frionox.com\/catalogo\/wp-json\/wp\/v2\/media\/11178"}],"wp:attachment":[{"href":"https:\/\/frionox.com\/catalogo\/wp-json\/wp\/v2\/media?parent=12789"}],"wp:term":[{"taxonomy":"product_brand","embeddable":true,"href":"https:\/\/frionox.com\/catalogo\/wp-json\/wp\/v2\/product_brand?post=12789"},{"taxonomy":"product_cat","embeddable":true,"href":"https:\/\/frionox.com\/catalogo\/wp-json\/wp\/v2\/product_cat?post=12789"},{"taxonomy":"product_tag","embeddable":true,"href":"https:\/\/frionox.com\/catalogo\/wp-json\/wp\/v2\/product_tag?post=12789"}],"curies":[{"name":"wp","href":"https:\/\/api.w.org\/{rel}","templated":true}]}}