{"id":12785,"date":"2020-04-13T23:28:13","date_gmt":"2020-04-14T04:28:13","guid":{"rendered":"https:\/\/frionox.com\/catalogo\/producto\/marmita-basculante-indirecta-a-gas-con-griferia-y-drenaje\/"},"modified":"2025-09-14T21:04:11","modified_gmt":"2025-09-15T02:04:11","slug":"marmita-basculante-indirecta-a-gas-con-griferia-y-drenaje","status":"publish","type":"product","link":"https:\/\/frionox.com\/catalogo\/producto\/marmita-basculante-indirecta-a-gas-con-griferia-y-drenaje\/","title":{"rendered":"MARMITA BASCULANTE INDIRECTA A GAS CON GRIFERIA Y DRENAJE"},"content":{"rendered":"<p>Fabricado en acero inoxidable AISI 304 Para cocci\u00f3n de alimentos varios Con sistema basculante manual Capacidad 80 galones Sistema de ignici\u00f3n autom\u00e1tico Calentamiento indirecto Chaqueta de vapor permanentemente llenada,desfogue o rellenado no requerido Controles para seguridad de temperatura y nivel de agua bajo Presi\u00f3n en chaqueta de vapor de 45 PSI Energ\u00eda: GLP Potencia de gas: 190000 BTU\/Hr Presi\u00f3n: 0.5 PSI Potencia electrica: 1.2KW Voltaje: 220V\/60Hz\/1AC *CON GRIFERIA DOBLE PERILLA CON CA\u00d1O GIRATORIO-DPK10 *CON VALVULA DE DRENAJE DE 2&#8243;-TD2<\/p>\n","protected":false},"excerpt":{"rendered":"<p>Fabricado en acero inoxidable AISI 304 Para cocci\u00f3n de alimentos varios Con sistema basculante manual Capacidad 80 galones Sistema de ignici\u00f3n autom\u00e1tico Calentamiento indirecto Chaqueta de vapor permanentemente llenada,desfogue o rellenado no requerido Controles para seguridad de temperatura y nivel de agua bajo Presi\u00f3n en chaqueta de vapor de 45 PSI Energ\u00eda: GLP Potencia de gas: 190000 BTU\/Hr Presi\u00f3n: 0.5 PSI Potencia electrica: 1.2KW Voltaje: 220V\/60Hz\/1AC *CON GRIFERIA DOBLE PERILLA CON CA\u00d1O GIRATORIO-DPK10 *CON VALVULA DE DRENAJE DE 2&#8243;-TD2<\/p>\n","protected":false},"featured_media":12288,"comment_status":"open","ping_status":"closed","template":"","meta":[],"product_brand":[],"product_cat":[118],"product_tag":[],"class_list":{"0":"post-12785","1":"product","2":"type-product","3":"status-publish","4":"has-post-thumbnail","6":"product_cat-marmitas","7":"pa_marcas-cleveland","9":"first","10":"onbackorder","11":"sale","12":"shipping-taxable","13":"purchasable","14":"product-type-simple"},"yoast_head":"<!-- This site is optimized with the Yoast SEO Premium plugin v27.1 (Yoast SEO v27.1.1) - https:\/\/yoast.com\/product\/yoast-seo-premium-wordpress\/ -->\n<title>MARMITA BASCULANTE INDIRECTA A GAS CON GRIFERIA Y DRENAJE - FRIONOX<\/title>\n<meta name=\"description\" content=\"Fabricado en acero inoxidable AISI 304 Para cocci\u00f3n de alimentos varios Con sistema basculante manual Capacidad 80 galones Sistema de ignici\u00f3n autom\u00e1tico Calentamiento indirecto Chaqueta de vapor permanentemente llenada,desfogue o rellenado no requerido Controles para seguridad de temperatura y nivel de agua bajo Presi\u00f3n en chaqueta de vapor de 45 PSI Energ\u00eda: GLP Potencia de gas: 190000 BTU\/Hr Presi\u00f3n: 0.5 PSI Potencia electrica: 1.2KW Voltaje: 220V\/60Hz\/1AC *CON GRIFERIA DOBLE PERILLA CON CA\u00d1O GIRATORIO-DPK10 *CON VALVULA DE DRENAJE DE 2&quot;-TD2\" \/>\n<meta name=\"robots\" content=\"index, follow, max-snippet:-1, max-image-preview:large, max-video-preview:-1\" \/>\n<link rel=\"canonical\" href=\"https:\/\/frionox.com\/catalogo\/producto\/marmita-basculante-indirecta-a-gas-con-griferia-y-drenaje\/\" \/>\n<meta property=\"og:locale\" content=\"es_ES\" \/>\n<meta property=\"og:type\" content=\"article\" \/>\n<meta property=\"og:title\" content=\"MARMITA BASCULANTE INDIRECTA A GAS CON GRIFERIA Y DRENAJE\" \/>\n<meta property=\"og:description\" content=\"Fabricado en acero inoxidable AISI 304 Para cocci\u00f3n de alimentos varios Con sistema basculante manual Capacidad 80 galones Sistema de ignici\u00f3n autom\u00e1tico Calentamiento indirecto Chaqueta de vapor permanentemente llenada,desfogue o rellenado no requerido Controles para seguridad de temperatura y nivel de agua bajo Presi\u00f3n en chaqueta de vapor de 45 PSI Energ\u00eda: GLP Potencia de gas: 190000 BTU\/Hr Presi\u00f3n: 0.5 PSI Potencia electrica: 1.2KW Voltaje: 220V\/60Hz\/1AC *CON GRIFERIA DOBLE PERILLA CON CA\u00d1O GIRATORIO-DPK10 *CON VALVULA DE DRENAJE DE 2&quot;-TD2\" \/>\n<meta property=\"og:url\" content=\"https:\/\/frionox.com\/catalogo\/producto\/marmita-basculante-indirecta-a-gas-con-griferia-y-drenaje\/\" \/>\n<meta property=\"og:site_name\" content=\"FRIONOX\" \/>\n<meta property=\"article:publisher\" content=\"https:\/\/facebook.com\/frionox.pe\" \/>\n<meta property=\"article:modified_time\" content=\"2025-09-15T02:04:11+00:00\" \/>\n<meta property=\"og:image\" content=\"https:\/\/frionox.com\/catalogo\/wp-content\/uploads\/2020\/04\/IM-KGL80T.jpg\" \/>\n\t<meta property=\"og:image:width\" content=\"600\" \/>\n\t<meta property=\"og:image:height\" content=\"600\" \/>\n\t<meta property=\"og:image:type\" content=\"image\/jpeg\" \/>\n<meta name=\"twitter:card\" content=\"summary_large_image\" \/>\n<meta name=\"twitter:site\" content=\"@frionoxsac\" \/>\n<meta name=\"twitter:label1\" content=\"Precio\" \/>\n\t<meta name=\"twitter:data1\" content=\"S\/40,942.46\" \/>\n\t<meta name=\"twitter:label2\" content=\"Disponibilidad\" \/>\n\t<meta name=\"twitter:data2\" content=\"Disponible para reservar\" \/>\n<script type=\"application\/ld+json\" class=\"yoast-schema-graph\">{\"@context\":\"https:\/\/schema.org\",\"@graph\":[{\"@type\":\"WebPage\",\"@id\":\"https:\/\/frionox.com\/catalogo\/producto\/marmita-basculante-indirecta-a-gas-con-griferia-y-drenaje\/\",\"url\":\"https:\/\/frionox.com\/catalogo\/producto\/marmita-basculante-indirecta-a-gas-con-griferia-y-drenaje\/\",\"name\":\"MARMITA BASCULANTE INDIRECTA A GAS CON GRIFERIA Y DRENAJE - FRIONOX\",\"isPartOf\":{\"@id\":\"https:\/\/frionox.com\/catalogo\/#website\"},\"primaryImageOfPage\":{\"@id\":\"https:\/\/frionox.com\/catalogo\/producto\/marmita-basculante-indirecta-a-gas-con-griferia-y-drenaje\/#primaryimage\"},\"image\":{\"@id\":\"https:\/\/frionox.com\/catalogo\/producto\/marmita-basculante-indirecta-a-gas-con-griferia-y-drenaje\/#primaryimage\"},\"thumbnailUrl\":\"https:\/\/frionox.com\/catalogo\/wp-content\/uploads\/2020\/04\/IM-KGL80T.jpg\",\"datePublished\":\"2020-04-14T04:28:13+00:00\",\"dateModified\":\"2025-09-15T02:04:11+00:00\",\"description\":\"Fabricado en acero inoxidable AISI 304 Para cocci\u00f3n de alimentos varios Con sistema basculante manual Capacidad 80 galones Sistema de ignici\u00f3n autom\u00e1tico Calentamiento indirecto Chaqueta de vapor permanentemente llenada,desfogue o rellenado no requerido Controles para seguridad de temperatura y nivel de agua bajo Presi\u00f3n en chaqueta de vapor de 45 PSI Energ\u00eda: GLP Potencia de gas: 190000 BTU\/Hr Presi\u00f3n: 0.5 PSI Potencia electrica: 1.2KW Voltaje: 220V\/60Hz\/1AC *CON GRIFERIA DOBLE PERILLA CON CA\u00d1O GIRATORIO-DPK10 *CON VALVULA DE DRENAJE DE 2\\\"-TD2\",\"breadcrumb\":{\"@id\":\"https:\/\/frionox.com\/catalogo\/producto\/marmita-basculante-indirecta-a-gas-con-griferia-y-drenaje\/#breadcrumb\"},\"inLanguage\":\"es\",\"potentialAction\":[{\"@type\":\"ReadAction\",\"target\":[\"https:\/\/frionox.com\/catalogo\/producto\/marmita-basculante-indirecta-a-gas-con-griferia-y-drenaje\/\"]}]},{\"@type\":\"ImageObject\",\"inLanguage\":\"es\",\"@id\":\"https:\/\/frionox.com\/catalogo\/producto\/marmita-basculante-indirecta-a-gas-con-griferia-y-drenaje\/#primaryimage\",\"url\":\"https:\/\/frionox.com\/catalogo\/wp-content\/uploads\/2020\/04\/IM-KGL80T.jpg\",\"contentUrl\":\"https:\/\/frionox.com\/catalogo\/wp-content\/uploads\/2020\/04\/IM-KGL80T.jpg\",\"width\":600,\"height\":600},{\"@type\":\"BreadcrumbList\",\"@id\":\"https:\/\/frionox.com\/catalogo\/producto\/marmita-basculante-indirecta-a-gas-con-griferia-y-drenaje\/#breadcrumb\",\"itemListElement\":[{\"@type\":\"ListItem\",\"position\":1,\"name\":\"Portada\",\"item\":\"https:\/\/frionox.com\/catalogo\/\"},{\"@type\":\"ListItem\",\"position\":2,\"name\":\"Hornos Industriales, Licuadoras Industriales, Cocinas y m\u00e1s\",\"item\":\"https:\/\/frionox.com\/catalogo\/tienda\/\"},{\"@type\":\"ListItem\",\"position\":3,\"name\":\"MARMITA BASCULANTE INDIRECTA A GAS CON GRIFERIA Y DRENAJE\"}]},{\"@type\":\"WebSite\",\"@id\":\"https:\/\/frionox.com\/catalogo\/#website\",\"url\":\"https:\/\/frionox.com\/catalogo\/\",\"name\":\"FRIONOX\",\"description\":\"Equipamiento de cocinas\",\"publisher\":{\"@id\":\"https:\/\/frionox.com\/catalogo\/#organization\"},\"potentialAction\":[{\"@type\":\"SearchAction\",\"target\":{\"@type\":\"EntryPoint\",\"urlTemplate\":\"https:\/\/frionox.com\/catalogo\/?s={search_term_string}\"},\"query-input\":{\"@type\":\"PropertyValueSpecification\",\"valueRequired\":true,\"valueName\":\"search_term_string\"}}],\"inLanguage\":\"es\"},{\"@type\":[\"Organization\",\"Place\",\"LocalBusiness\"],\"@id\":\"https:\/\/frionox.com\/catalogo\/#organization\",\"name\":\"Frionox Equipamiento de cocinas\",\"url\":\"https:\/\/frionox.com\/catalogo\/\",\"logo\":{\"@id\":\"https:\/\/frionox.com\/catalogo\/producto\/marmita-basculante-indirecta-a-gas-con-griferia-y-drenaje\/#local-main-organization-logo\"},\"image\":{\"@id\":\"https:\/\/frionox.com\/catalogo\/producto\/marmita-basculante-indirecta-a-gas-con-griferia-y-drenaje\/#local-main-organization-logo\"},\"sameAs\":[\"https:\/\/facebook.com\/frionox.pe\",\"https:\/\/x.com\/frionoxsac\",\"https:\/\/youtube.com\/@FRIONOXEQUIPAMIENTODECOCINA\"],\"address\":{\"@id\":\"https:\/\/frionox.com\/catalogo\/producto\/marmita-basculante-indirecta-a-gas-con-griferia-y-drenaje\/#local-main-place-address\"},\"geo\":{\"@type\":\"GeoCoordinates\",\"latitude\":\"-11.980133\",\"longitude\":\"-77.06118200000003\"},\"telephone\":[\"+5115221181\"],\"openingHoursSpecification\":[{\"@type\":\"OpeningHoursSpecification\",\"dayOfWeek\":[\"Monday\",\"Tuesday\",\"Wednesday\",\"Thursday\",\"Friday\",\"Saturday\"],\"opens\":\"08:00\",\"closes\":\"18:00\"},{\"@type\":\"OpeningHoursSpecification\",\"dayOfWeek\":[\"Sunday\"],\"opens\":\"00:00\",\"closes\":\"00:00\"}],\"email\":\"cotizaciones@frionox.com\"},{\"@type\":\"PostalAddress\",\"@id\":\"https:\/\/frionox.com\/catalogo\/producto\/marmita-basculante-indirecta-a-gas-con-griferia-y-drenaje\/#local-main-place-address\",\"streetAddress\":\"Av. Oscar R. Benavides 1624\",\"addressLocality\":\"Cercado de Lima\",\"postalCode\":\"15082\",\"addressRegion\":\"Lima\",\"addressCountry\":\"PE\"},{\"@type\":\"ImageObject\",\"inLanguage\":\"es\",\"@id\":\"https:\/\/frionox.com\/catalogo\/producto\/marmita-basculante-indirecta-a-gas-con-griferia-y-drenaje\/#local-main-organization-logo\",\"url\":\"https:\/\/frionox.com\/catalogo\/wp-content\/uploads\/2020\/04\/LOGO-MOBILE.png\",\"contentUrl\":\"https:\/\/frionox.com\/catalogo\/wp-content\/uploads\/2020\/04\/LOGO-MOBILE.png\",\"width\":203,\"height\":61,\"caption\":\"Frionox Equipamiento de cocinas\"}]}<\/script>\n<meta property=\"product:price:amount\" content=\"40942.46\" \/>\n<meta property=\"product:price:currency\" content=\"PEN\" \/>\n<meta property=\"og:availability\" content=\"backorder\" \/>\n<meta property=\"product:availability\" content=\"available for order\" \/>\n<meta property=\"product:retailer_item_id\" content=\"KGL80T-DPK10-TD2\" \/>\n<meta property=\"product:condition\" content=\"new\" \/>\n<meta name=\"geo.placename\" content=\"Cercado de Lima\" \/>\n<meta name=\"geo.position\" content=\"-11.980133;-77.06118200000003\" \/>\n<meta name=\"geo.region\" content=\"Per\u00fa\" \/>\n<!-- \/ Yoast SEO Premium plugin. -->","yoast_head_json":{"title":"MARMITA BASCULANTE INDIRECTA A GAS CON GRIFERIA Y DRENAJE - FRIONOX","description":"Fabricado en acero inoxidable AISI 304 Para cocci\u00f3n de alimentos varios Con sistema basculante manual Capacidad 80 galones Sistema de ignici\u00f3n autom\u00e1tico Calentamiento indirecto Chaqueta de vapor permanentemente llenada,desfogue o rellenado no requerido Controles para seguridad de temperatura y nivel de agua bajo Presi\u00f3n en chaqueta de vapor de 45 PSI Energ\u00eda: GLP Potencia de gas: 190000 BTU\/Hr Presi\u00f3n: 0.5 PSI Potencia electrica: 1.2KW Voltaje: 220V\/60Hz\/1AC *CON GRIFERIA DOBLE PERILLA CON CA\u00d1O GIRATORIO-DPK10 *CON VALVULA DE DRENAJE DE 2\"-TD2","robots":{"index":"index","follow":"follow","max-snippet":"max-snippet:-1","max-image-preview":"max-image-preview:large","max-video-preview":"max-video-preview:-1"},"canonical":"https:\/\/frionox.com\/catalogo\/producto\/marmita-basculante-indirecta-a-gas-con-griferia-y-drenaje\/","og_locale":"es_ES","og_type":"article","og_title":"MARMITA BASCULANTE INDIRECTA A GAS CON GRIFERIA Y DRENAJE","og_description":"Fabricado en acero inoxidable AISI 304 Para cocci\u00f3n de alimentos varios Con sistema basculante manual Capacidad 80 galones Sistema de ignici\u00f3n autom\u00e1tico Calentamiento indirecto Chaqueta de vapor permanentemente llenada,desfogue o rellenado no requerido Controles para seguridad de temperatura y nivel de agua bajo Presi\u00f3n en chaqueta de vapor de 45 PSI Energ\u00eda: GLP Potencia de gas: 190000 BTU\/Hr Presi\u00f3n: 0.5 PSI Potencia electrica: 1.2KW Voltaje: 220V\/60Hz\/1AC *CON GRIFERIA DOBLE PERILLA CON CA\u00d1O GIRATORIO-DPK10 *CON VALVULA DE DRENAJE DE 2\"-TD2","og_url":"https:\/\/frionox.com\/catalogo\/producto\/marmita-basculante-indirecta-a-gas-con-griferia-y-drenaje\/","og_site_name":"FRIONOX","article_publisher":"https:\/\/facebook.com\/frionox.pe","article_modified_time":"2025-09-15T02:04:11+00:00","og_image":[{"width":600,"height":600,"url":"https:\/\/frionox.com\/catalogo\/wp-content\/uploads\/2020\/04\/IM-KGL80T.jpg","type":"image\/jpeg"}],"twitter_card":"summary_large_image","twitter_site":"@frionoxsac","twitter_misc":{"Precio":"S\/40,942.46","Disponibilidad":"Disponible para reservar"},"schema":{"@context":"https:\/\/schema.org","@graph":[{"@type":"WebPage","@id":"https:\/\/frionox.com\/catalogo\/producto\/marmita-basculante-indirecta-a-gas-con-griferia-y-drenaje\/","url":"https:\/\/frionox.com\/catalogo\/producto\/marmita-basculante-indirecta-a-gas-con-griferia-y-drenaje\/","name":"MARMITA BASCULANTE INDIRECTA A GAS CON GRIFERIA Y DRENAJE - FRIONOX","isPartOf":{"@id":"https:\/\/frionox.com\/catalogo\/#website"},"primaryImageOfPage":{"@id":"https:\/\/frionox.com\/catalogo\/producto\/marmita-basculante-indirecta-a-gas-con-griferia-y-drenaje\/#primaryimage"},"image":{"@id":"https:\/\/frionox.com\/catalogo\/producto\/marmita-basculante-indirecta-a-gas-con-griferia-y-drenaje\/#primaryimage"},"thumbnailUrl":"https:\/\/frionox.com\/catalogo\/wp-content\/uploads\/2020\/04\/IM-KGL80T.jpg","datePublished":"2020-04-14T04:28:13+00:00","dateModified":"2025-09-15T02:04:11+00:00","description":"Fabricado en acero inoxidable AISI 304 Para cocci\u00f3n de alimentos varios Con sistema basculante manual Capacidad 80 galones Sistema de ignici\u00f3n autom\u00e1tico Calentamiento indirecto Chaqueta de vapor permanentemente llenada,desfogue o rellenado no requerido Controles para seguridad de temperatura y nivel de agua bajo Presi\u00f3n en chaqueta de vapor de 45 PSI Energ\u00eda: GLP Potencia de gas: 190000 BTU\/Hr Presi\u00f3n: 0.5 PSI Potencia electrica: 1.2KW Voltaje: 220V\/60Hz\/1AC *CON GRIFERIA DOBLE PERILLA CON CA\u00d1O GIRATORIO-DPK10 *CON VALVULA DE DRENAJE DE 2\"-TD2","breadcrumb":{"@id":"https:\/\/frionox.com\/catalogo\/producto\/marmita-basculante-indirecta-a-gas-con-griferia-y-drenaje\/#breadcrumb"},"inLanguage":"es","potentialAction":[{"@type":"ReadAction","target":["https:\/\/frionox.com\/catalogo\/producto\/marmita-basculante-indirecta-a-gas-con-griferia-y-drenaje\/"]}]},{"@type":"ImageObject","inLanguage":"es","@id":"https:\/\/frionox.com\/catalogo\/producto\/marmita-basculante-indirecta-a-gas-con-griferia-y-drenaje\/#primaryimage","url":"https:\/\/frionox.com\/catalogo\/wp-content\/uploads\/2020\/04\/IM-KGL80T.jpg","contentUrl":"https:\/\/frionox.com\/catalogo\/wp-content\/uploads\/2020\/04\/IM-KGL80T.jpg","width":600,"height":600},{"@type":"BreadcrumbList","@id":"https:\/\/frionox.com\/catalogo\/producto\/marmita-basculante-indirecta-a-gas-con-griferia-y-drenaje\/#breadcrumb","itemListElement":[{"@type":"ListItem","position":1,"name":"Portada","item":"https:\/\/frionox.com\/catalogo\/"},{"@type":"ListItem","position":2,"name":"Hornos Industriales, Licuadoras Industriales, Cocinas y m\u00e1s","item":"https:\/\/frionox.com\/catalogo\/tienda\/"},{"@type":"ListItem","position":3,"name":"MARMITA BASCULANTE INDIRECTA A GAS CON GRIFERIA Y DRENAJE"}]},{"@type":"WebSite","@id":"https:\/\/frionox.com\/catalogo\/#website","url":"https:\/\/frionox.com\/catalogo\/","name":"FRIONOX","description":"Equipamiento de cocinas","publisher":{"@id":"https:\/\/frionox.com\/catalogo\/#organization"},"potentialAction":[{"@type":"SearchAction","target":{"@type":"EntryPoint","urlTemplate":"https:\/\/frionox.com\/catalogo\/?s={search_term_string}"},"query-input":{"@type":"PropertyValueSpecification","valueRequired":true,"valueName":"search_term_string"}}],"inLanguage":"es"},{"@type":["Organization","Place","LocalBusiness"],"@id":"https:\/\/frionox.com\/catalogo\/#organization","name":"Frionox Equipamiento de cocinas","url":"https:\/\/frionox.com\/catalogo\/","logo":{"@id":"https:\/\/frionox.com\/catalogo\/producto\/marmita-basculante-indirecta-a-gas-con-griferia-y-drenaje\/#local-main-organization-logo"},"image":{"@id":"https:\/\/frionox.com\/catalogo\/producto\/marmita-basculante-indirecta-a-gas-con-griferia-y-drenaje\/#local-main-organization-logo"},"sameAs":["https:\/\/facebook.com\/frionox.pe","https:\/\/x.com\/frionoxsac","https:\/\/youtube.com\/@FRIONOXEQUIPAMIENTODECOCINA"],"address":{"@id":"https:\/\/frionox.com\/catalogo\/producto\/marmita-basculante-indirecta-a-gas-con-griferia-y-drenaje\/#local-main-place-address"},"geo":{"@type":"GeoCoordinates","latitude":"-11.980133","longitude":"-77.06118200000003"},"telephone":["+5115221181"],"openingHoursSpecification":[{"@type":"OpeningHoursSpecification","dayOfWeek":["Monday","Tuesday","Wednesday","Thursday","Friday","Saturday"],"opens":"08:00","closes":"18:00"},{"@type":"OpeningHoursSpecification","dayOfWeek":["Sunday"],"opens":"00:00","closes":"00:00"}],"email":"cotizaciones@frionox.com"},{"@type":"PostalAddress","@id":"https:\/\/frionox.com\/catalogo\/producto\/marmita-basculante-indirecta-a-gas-con-griferia-y-drenaje\/#local-main-place-address","streetAddress":"Av. Oscar R. Benavides 1624","addressLocality":"Cercado de Lima","postalCode":"15082","addressRegion":"Lima","addressCountry":"PE"},{"@type":"ImageObject","inLanguage":"es","@id":"https:\/\/frionox.com\/catalogo\/producto\/marmita-basculante-indirecta-a-gas-con-griferia-y-drenaje\/#local-main-organization-logo","url":"https:\/\/frionox.com\/catalogo\/wp-content\/uploads\/2020\/04\/LOGO-MOBILE.png","contentUrl":"https:\/\/frionox.com\/catalogo\/wp-content\/uploads\/2020\/04\/LOGO-MOBILE.png","width":203,"height":61,"caption":"Frionox Equipamiento de cocinas"}]},"product_price_amount":"40942.46","product_price_currency":"PEN","og_availability":"backorder","product_availability":"available for order","product_retailer_item_id":"KGL80T-DPK10-TD2","product_condition":"new","geo.placename":"Cercado de Lima","geo.position":{"lat":"-11.980133","long":"-77.06118200000003"},"geo.region":"Per\u00fa"},"_links":{"self":[{"href":"https:\/\/frionox.com\/catalogo\/wp-json\/wp\/v2\/product\/12785","targetHints":{"allow":["GET"]}}],"collection":[{"href":"https:\/\/frionox.com\/catalogo\/wp-json\/wp\/v2\/product"}],"about":[{"href":"https:\/\/frionox.com\/catalogo\/wp-json\/wp\/v2\/types\/product"}],"replies":[{"embeddable":true,"href":"https:\/\/frionox.com\/catalogo\/wp-json\/wp\/v2\/comments?post=12785"}],"wp:featuredmedia":[{"embeddable":true,"href":"https:\/\/frionox.com\/catalogo\/wp-json\/wp\/v2\/media\/12288"}],"wp:attachment":[{"href":"https:\/\/frionox.com\/catalogo\/wp-json\/wp\/v2\/media?parent=12785"}],"wp:term":[{"taxonomy":"product_brand","embeddable":true,"href":"https:\/\/frionox.com\/catalogo\/wp-json\/wp\/v2\/product_brand?post=12785"},{"taxonomy":"product_cat","embeddable":true,"href":"https:\/\/frionox.com\/catalogo\/wp-json\/wp\/v2\/product_cat?post=12785"},{"taxonomy":"product_tag","embeddable":true,"href":"https:\/\/frionox.com\/catalogo\/wp-json\/wp\/v2\/product_tag?post=12785"}],"curies":[{"name":"wp","href":"https:\/\/api.w.org\/{rel}","templated":true}]}}